{"id":2593,"date":"2024-08-19T09:59:00","date_gmt":"2024-08-19T09:59:00","guid":{"rendered":"https:\/\/cemer-innovation.com\/politica-de-privacitat\/"},"modified":"2024-12-09T09:23:41","modified_gmt":"2024-12-09T09:23:41","slug":"politique-de-confidentialite","status":"publish","type":"page","link":"https:\/\/cemer-innovation.com\/fr\/politique-de-confidentialite\/","title":{"rendered":"Politique de confidentialit\u00e9"},"content":{"rendered":"<div class=\"wpb-content-wrapper\">[vc_row][vc_column]\t<style>.vcex_69ee7c770edfb{height:30px;}@media (max-width:1024px){.vcex_69ee7c770edfb{height:24px;}}@media (max-width:959px){.vcex_69ee7c770edfb{height:24px;}}@media (max-width:767px){.vcex_69ee7c770edfb{height:20px;}}@media (max-width:479px){.vcex_69ee7c770edfb{height:20px;}}<\/style>\n<div class=\"vcex-spacing wpex-w-100 wpex-clear vcex_69ee7c770edfb\"><\/div>[\/vc_column][\/vc_row][vc_row][vc_column][vc_column_text css=\u00a0\u00bb\u00a0\u00bb]\n<h1>Politique de confidentialit\u00e9<\/h1>\n[\/vc_column_text][\/vc_column][\/vc_row][vc_row][vc_column][vc_column_text css=\u00a0\u00bb\u00a0\u00bb font_size=\u00a0\u00bb16&Prime;]CEMER est une marque d\u00e9pos\u00e9e de COSGRA.<\/p>\n<p>COSGRA, S.A. s&rsquo;engage \u00e0 prot\u00e9ger la vie priv\u00e9e des utilisateurs qui acc\u00e8dent \u00e0 ce site web et\/ou \u00e0 l&rsquo;un de ses services. L&rsquo;utilisation du site web et\/ou de l&rsquo;un des services offerts par COSGRA, S.A. implique l&rsquo;acceptation par l&rsquo;utilisateur des dispositions contenues dans la pr\u00e9sente politique de confidentialit\u00e9 et le traitement de ses donn\u00e9es personnelles conform\u00e9ment \u00e0 ce qui est stipul\u00e9 ici. Veuillez noter que, bien qu&rsquo;il puisse y avoir des liens de notre site web vers d&rsquo;autres sites web, la pr\u00e9sente politique de confidentialit\u00e9 ne s&rsquo;applique pas aux sites web d&rsquo;autres entreprises ou organisations vers lesquels le site web est redirig\u00e9. COSGRA, S.A. ne contr\u00f4le pas le contenu des sites web de tiers et n&rsquo;assume aucune responsabilit\u00e9 quant au contenu ou \u00e0 la politique de confidentialit\u00e9 de ces sites web.<\/p>\n<p>Informations sur le traitement des donn\u00e9es (R\u00e8glement (UE) 2016\/679 et LO 3\/2018)<\/p>\n<h3>RESPONSABLE DU TRAITEMENT<\/h3>\n<p style=\"padding-left: 40px;\">COSGRA, S.A.<br \/>\nNIF : A17108614<br \/>\nCtra. de Banyoles a Figueres, km 9 &#8211; APDO. 100-17832 Crespi\u00e0<br \/>\nCourriel : cosgra@cosgra.com<\/p>\n<h3>FINALIT\u00c9 DU TRAITEMENT<\/h3>\n<p>Offrir et g\u00e9rer nos services de distribution de moteurs \u00e9lectriques et de garnitures m\u00e9caniques.<\/p>\n<h3>L\u00c9GITIMIT\u00c9<\/h3>\n<p>Consentement obtenu de la personne concern\u00e9e.<br \/>\nEx\u00e9cution du contrat de service.<\/p>\n<h3>DESTINATAIRES<\/h3>\n<p>Les donn\u00e9es ne seront pas divulgu\u00e9es \u00e0 des tiers, sauf si la loi l&rsquo;exige ou si cela est n\u00e9cessaire pour atteindre la finalit\u00e9 du traitement.<\/p>\n<h3>DROITS DES PERSONNES<\/h3>\n<p>Les personnes concern\u00e9es peuvent exercer leurs droits d&rsquo;acc\u00e8s, de rectification, de limitation du traitement, d&rsquo;effacement, de portabilit\u00e9 et d&rsquo;opposition en envoyant leur demande \u00e0 notre adresse.<\/p>\n<h3>P\u00c9RIODE DE CONSERVATION DES DONN\u00c9ES<\/h3>\n<p>Aussi longtemps que la relation commerciale est maintenue ou pendant les ann\u00e9es n\u00e9cessaires au respect des obligations l\u00e9gales.<\/p>\n<h3>R\u00c9CLAMATION<\/h3>\n<p>Les parties int\u00e9ress\u00e9es peuvent contacter l&rsquo;AEPD pour d\u00e9poser toute plainte qu&rsquo;elles jugent appropri\u00e9e.<\/p>\n<h3>INFORMATIONS COMPL\u00c9MENTAIRES<\/h3>\n<p>Vous pouvez consulter les informations compl\u00e9mentaires et d\u00e9taill\u00e9es sous la rubrique \u00ab\u00a0Vie priv\u00e9e\u00a0\u00bb.<\/p>\n<h3>QUESTIONS RELATIVES \u00c0 LA PROTECTION DES DONN\u00c9ES PERSONNELLES<\/h3>\n<p>Conform\u00e9ment au r\u00e8glement (UE) 2016\/679 du Parlement europ\u00e9en et du Conseil du 27 avril 2016 (GDPR) et \u00e0 la loi organique 3\/2018 du 5 d\u00e9cembre sur la protection des donn\u00e9es \u00e0 caract\u00e8re personnel et la garantie des droits num\u00e9riques (LOPDGDD), nous vous fournissons les informations suivantes sur le traitement de vos donn\u00e9es personnelles :<\/p>\n<h3>QUI EST RESPONSABLE DU TRAITEMENT DE VOS DONN\u00c9ES ?<\/h3>\n<p style=\"padding-left: 40px;\">Identit\u00e9 : COSGRA, S.A.<br \/>\nNIF : A17108614<br \/>\nAdresse : Ctra. de Banyoles a Figueres, km 9 &#8211; APDO. 100-17832 Crespi\u00e0<br \/>\nT\u00e9l\u00e9phone : 972597807<br \/>\nE-mail : cosgra@cosgra.com<\/p>\n<h3>DANS QUEL BUT TRAITONS-NOUS VOS DONN\u00c9ES PERSONNELLES ?<\/h3>\n<ul>\n<li>Nous traitons les informations qui nous sont fournies afin de g\u00e9rer nos services de distribution de moteurs \u00e9lectriques et de garnitures m\u00e9caniques.<\/li>\n<li>Dans le cas o\u00f9 vous nous contactez via le formulaire de contact de notre site web, nous les traitons afin de r\u00e9pondre \u00e0 votre demande.<\/li>\n<li>Si vous nous donnez votre accord, nous pouvons \u00e9galement traiter vos donn\u00e9es pour vous envoyer des informations sur nos activit\u00e9s, produits ou services.<\/li>\n<li>Lorsque vous entrez dans nos locaux, votre image peut \u00eatre enregistr\u00e9e par des cam\u00e9ras de vid\u00e9osurveillance \u00e0 des fins de contr\u00f4le de s\u00e9curit\u00e9.<\/li>\n<li>Si vous nous envoyez un CV, nous traiterons vos donn\u00e9es dans le but de g\u00e9rer notre base de donn\u00e9es de CV \u00e0 des fins de recrutement.<\/li>\n<\/ul>\n<h3>COMBIEN DE TEMPS CONSERVERONS-NOUS VOS DONN\u00c9ES ?<\/h3>\n<ul>\n<li>Les donn\u00e9es personnelles fournies seront conserv\u00e9es aussi longtemps que vous serez utilisateur de nos services ou que vous souhaiterez recevoir des informations, \u00e9tant entendu que vous pourrez vous opposer \u00e0 tout moment au traitement de vos donn\u00e9es \u00e0 des fins promotionnelles, et par la suite, pendant les p\u00e9riodes \u00e9tablies pour respecter nos obligations l\u00e9gales, \u00e0 savoir, dans le cas de la documentation comptable et fiscale \u00e0 des fins commerciales, 6 ans, conform\u00e9ment \u00e0 l&rsquo;article 30 du code du commerce, et \u00e0 des fins fiscales, 4 ans, conform\u00e9ment aux articles 66 \u00e0 70 de la loi g\u00e9n\u00e9rale sur les imp\u00f4ts.<\/li>\n<li>Les images captur\u00e9es par le syst\u00e8me de vid\u00e9osurveillance sont conserv\u00e9es pendant un mois.<\/li>\n<li>Dans le cas des CV, les donn\u00e9es seront conserv\u00e9es pendant un an.<\/li>\n<\/ul>\n<h3>QUELLE EST LA L\u00c9GITIMIT\u00c9 DU TRAITEMENT DE VOS DONN\u00c9ES ?<\/h3>\n<p>La l\u00e9gitimit\u00e9 du traitement r\u00e9side dans l&rsquo;ex\u00e9cution du contrat de service et dans les consentements que vous nous donnez.<br \/>\nDans le cas d&rsquo;informations envoy\u00e9es par des mineurs de moins de 16 ans, le traitement des donn\u00e9es personnelles doit imp\u00e9rativement \u00eatre effectu\u00e9 avec le consentement des parents, du tuteur ou du repr\u00e9sentant l\u00e9gal du mineur. Si tel n&rsquo;est pas le cas, le repr\u00e9sentant l\u00e9gal du mineur doit nous en informer d\u00e8s qu&rsquo;il en a connaissance.<\/p>\n<p>En ce qui concerne la capture d&rsquo;images par le syst\u00e8me de vid\u00e9osurveillance, la l\u00e9gitimit\u00e9 est d\u00e9finie par l&rsquo;int\u00e9r\u00eat l\u00e9gitime de pr\u00e9server la s\u00e9curit\u00e9 des personnes et des biens.<\/p>\n<h3>\u00c0 QUELS DESTINATAIRES VOS DONN\u00c9ES SERONT-ELLES COMMUNIQU\u00c9ES ?<\/h3>\n<p>Les donn\u00e9es ne seront pas divulgu\u00e9es \u00e0 des tiers, sauf si la loi l&rsquo;exige ou si cela est n\u00e9cessaire pour atteindre la finalit\u00e9 du traitement.<\/p>\n<h3>QUELS SONT VOS DROITS LORSQUE VOUS NOUS FOURNISSEZ VOS DONN\u00c9ES ?<\/h3>\n<ul>\n<li>Toute personne a le droit d&rsquo;obtenir la confirmation que nous traitons ou non ses donn\u00e9es \u00e0 caract\u00e8re personnel.<\/li>\n<li>Les personnes concern\u00e9es ont le droit d&rsquo;acc\u00e9der \u00e0 leurs donn\u00e9es personnelles, ainsi que de demander la rectification des donn\u00e9es inexactes ou, le cas \u00e9ch\u00e9ant, de demander leur suppression lorsque, entre autres raisons, les donn\u00e9es ne sont plus n\u00e9cessaires aux fins pour lesquelles elles ont \u00e9t\u00e9 collect\u00e9es.<\/li>\n<li>Dans certaines circonstances, les personnes concern\u00e9es peuvent nous demander de limiter le traitement de leurs donn\u00e9es, auquel cas nous ne conserverons les donn\u00e9es qu&rsquo;aux fins de l&rsquo;exercice ou de la d\u00e9fense des r\u00e9clamations.<\/li>\n<li>De m\u00eame, dans certaines circonstances et pour des raisons tenant \u00e0 leur situation particuli\u00e8re, les personnes concern\u00e9es peuvent s&rsquo;opposer au traitement de leurs donn\u00e9es. Dans ce cas, nous cesserons de les traiter, sauf pour des raisons l\u00e9gitimes imp\u00e9rieuses ou pour l&rsquo;exercice ou la d\u00e9fense d&rsquo;\u00e9ventuelles r\u00e9clamations.<\/li>\n<li>Les personnes concern\u00e9es ont \u00e9galement le droit \u00e0 la portabilit\u00e9 des donn\u00e9es.<\/li>\n<li>Toute personne concern\u00e9e a le droit de ne pas faire l&rsquo;objet d&rsquo;une d\u00e9cision fond\u00e9e exclusivement sur un traitement automatis\u00e9, y compris le profilage, qui produit des effets juridiques \u00e0 son \u00e9gard ou qui l&rsquo;affecte de mani\u00e8re significative de fa\u00e7on similaire.<\/li>\n<li>Enfin, les personnes concern\u00e9es ont le droit d&rsquo;introduire une r\u00e9clamation aupr\u00e8s de l&rsquo;autorit\u00e9 de contr\u00f4le comp\u00e9tente.<\/li>\n<\/ul>\n<h3>COMMENT EXERCER VOS DROITS ?<\/h3>\n<p>En nous envoyant une lettre, accompagn\u00e9e d&rsquo;une copie d&rsquo;un document permettant de vous identifier, \u00e0 notre adresse physique ou \u00e9lectronique.<\/p>\n<h3>COMMENT AVONS-NOUS OBTENU VOS DONN\u00c9ES ?<\/h3>\n<p>Les donn\u00e9es personnelles que nous traitons proviennent de la personne concern\u00e9e, qui garantit la v\u00e9racit\u00e9 des donn\u00e9es personnelles fournies et est responsable de la communication de tout changement. Les donn\u00e9es marqu\u00e9es d&rsquo;un ast\u00e9risque sont obligatoires pour pouvoir fournir le service demand\u00e9.<\/p>\n<h3>QUELLES DONN\u00c9ES TRAITONS-NOUS ?<\/h3>\n<p>Les cat\u00e9gories de donn\u00e9es que nous pouvons traiter sont les suivantes :<\/p>\n<ul>\n<li>Donn\u00e9es \u00e0 caract\u00e8re identifiant<\/li>\n<li>Adresses postales ou \u00e9lectroniques<\/li>\n<\/ul>\n<p>Dans le cas du syst\u00e8me de vid\u00e9osurveillance :<\/p>\n<ul>\n<li>Image<\/li>\n<\/ul>\n<p>Dans le cas des CV, \u00e9galement :<\/p>\n<ul>\n<li>Caract\u00e9ristiques personnelles<\/li>\n<li>\u00c9tudes et profession<\/li>\n<\/ul>\n<p>Les donn\u00e9es sont limit\u00e9es, puisque nous ne traitons que les donn\u00e9es n\u00e9cessaires \u00e0 la fourniture de nos services et \u00e0 la gestion de notre activit\u00e9.<\/p>\n<h3>UTILISONS-NOUS DES COOKIES ?<\/h3>\n<p>Nous utilisons des cookies lors de la navigation sur notre site web avec le consentement de l&rsquo;utilisateur.<br \/>\nL&rsquo;utilisateur peut configurer son navigateur pour \u00eatre averti de l&rsquo;utilisation de cookies et pour emp\u00eacher leur utilisation. Veuillez consulter <a href=\"https:\/\/cemer-innovation.com\/fr\/politique-de-cookies\/\">notre politique en mati\u00e8re de cookies.<\/a><\/p>\n<h3>QUELLES MESURES DE S\u00c9CURIT\u00c9 APPLIQUONS-NOUS ?<\/h3>\n<p>Nous appliquons les mesures de s\u00e9curit\u00e9 pr\u00e9vues \u00e0 l&rsquo;article 32 du RGPD ; nous avons donc adopt\u00e9 les mesures de s\u00e9curit\u00e9 n\u00e9cessaires pour assurer un niveau de s\u00e9curit\u00e9 appropri\u00e9 au risque du traitement des donn\u00e9es que nous effectuons, avec des m\u00e9canismes qui nous permettent de garantir la confidentialit\u00e9, l&rsquo;int\u00e9grit\u00e9, la disponibilit\u00e9 et la r\u00e9silience permanente des syst\u00e8mes et des services de traitement.<\/p>\n<p>Voici quelques-unes de ces mesures :<\/p>\n<ul>\n<li>Informer le personnel des politiques de traitement des donn\u00e9es. Effectuer des sauvegardes r\u00e9guli\u00e8res.<\/li>\n<li>Contr\u00f4ler l&rsquo;acc\u00e8s aux donn\u00e9es.<\/li>\n<li>Proc\u00e9dures r\u00e9guli\u00e8res de v\u00e9rification, d&rsquo;\u00e9valuation et d&rsquo;appr\u00e9ciation.<\/li>\n<\/ul>\n[\/vc_column_text]\t<style>.vcex_69ee7c770fa21{height:30px;}@media (max-width:1024px){.vcex_69ee7c770fa21{height:20px;}}@media (max-width:959px){.vcex_69ee7c770fa21{height:20px;}}@media (max-width:767px){.vcex_69ee7c770fa21{height:10px;}}@media (max-width:479px){.vcex_69ee7c770fa21{height:10px;}}<\/style>\n<div class=\"vcex-spacing wpex-w-100 wpex-clear vcex_69ee7c770fa21\"><\/div>[\/vc_column][\/vc_row]\n<\/div>","protected":false},"excerpt":{"rendered":"<p>[vc_row][vc_column][\/vc_column][\/vc_row][vc_row][vc_column][vc_column_text css=\u00a0\u00bb\u00a0\u00bb] Politique de confidentialit\u00e9 [\/vc_column_text][\/vc_column][\/vc_row][vc_row][vc_column][vc_column_text css=\u00a0\u00bb\u00a0\u00bb font_size=\u00a0\u00bb16&Prime;]CEMER est une marque d\u00e9pos\u00e9e de COSGRA. COSGRA, S.A. s&rsquo;engage \u00e0 prot\u00e9ger la vie priv\u00e9e des utilisateurs qui acc\u00e8dent \u00e0 ce site web et\/ou \u00e0 l&rsquo;un de ses services. L&rsquo;utilisation du site web et\/ou de l&rsquo;un des services offerts par COSGRA, S.A. implique l&rsquo;acceptation par l&rsquo;utilisateur des dispositions&hellip;<\/p>\n","protected":false},"author":1,"featured_media":0,"parent":0,"menu_order":0,"comment_status":"closed","ping_status":"closed","template":"","meta":{"footnotes":""},"class_list":["post-2593","page","type-page","status-publish","hentry","entry","no-media"],"yoast_head":"<!-- This site is optimized with the Yoast SEO plugin v24.6 - https:\/\/yoast.com\/wordpress\/plugins\/seo\/ -->\n<title>Politique de confidentialit\u00e9 - Cemer Innovation<\/title>\n<meta name=\"robots\" content=\"noindex, follow\" \/>\n<meta property=\"og:locale\" content=\"fr_FR\" \/>\n<meta property=\"og:type\" content=\"article\" \/>\n<meta property=\"og:title\" content=\"Politique de confidentialit\u00e9 - Cemer Innovation\" \/>\n<meta property=\"og:description\" content=\"[vc_row][vc_column][\/vc_column][\/vc_row][vc_row][vc_column][vc_column_text css=\u00a0\u00bb\u00a0\u00bb] Politique de confidentialit\u00e9 [\/vc_column_text][\/vc_column][\/vc_row][vc_row][vc_column][vc_column_text css=\u00a0\u00bb\u00a0\u00bb font_size=\u00a0\u00bb16&Prime;]CEMER est une marque d\u00e9pos\u00e9e de COSGRA. COSGRA, S.A. s&rsquo;engage \u00e0 prot\u00e9ger la vie priv\u00e9e des utilisateurs qui acc\u00e8dent \u00e0 ce site web et\/ou \u00e0 l&rsquo;un de ses services. L&rsquo;utilisation du site web et\/ou de l&rsquo;un des services offerts par COSGRA, S.A. implique l&rsquo;acceptation par l&rsquo;utilisateur des dispositions&hellip;\" \/>\n<meta property=\"og:url\" content=\"https:\/\/cemer-innovation.com\/fr\/politique-de-confidentialite\/\" \/>\n<meta property=\"og:site_name\" content=\"Cemer Innovation\" \/>\n<meta property=\"article:modified_time\" content=\"2024-12-09T09:23:41+00:00\" \/>\n<meta property=\"og:image\" content=\"https:\/\/cemer-innovation.com\/wp-content\/uploads\/2024\/11\/cemer-innovation-seo.jpg\" \/>\n\t<meta property=\"og:image:width\" content=\"1200\" \/>\n\t<meta property=\"og:image:height\" content=\"675\" \/>\n\t<meta property=\"og:image:type\" content=\"image\/jpeg\" \/>\n<meta name=\"twitter:card\" content=\"summary_large_image\" \/>\n<meta name=\"twitter:label1\" content=\"Dur\u00e9e de lecture estim\u00e9e\" \/>\n\t<meta name=\"twitter:data1\" content=\"8 minutes\" \/>\n<script type=\"application\/ld+json\" class=\"yoast-schema-graph\">{\"@context\":\"https:\/\/schema.org\",\"@graph\":[{\"@type\":\"WebPage\",\"@id\":\"https:\/\/cemer-innovation.com\/fr\/politique-de-confidentialite\/\",\"url\":\"https:\/\/cemer-innovation.com\/fr\/politique-de-confidentialite\/\",\"name\":\"Politique de confidentialit\u00e9 - Cemer Innovation\",\"isPartOf\":{\"@id\":\"https:\/\/cemer-innovation.com\/fr\/#website\"},\"datePublished\":\"2024-08-19T09:59:00+00:00\",\"dateModified\":\"2024-12-09T09:23:41+00:00\",\"breadcrumb\":{\"@id\":\"https:\/\/cemer-innovation.com\/fr\/politique-de-confidentialite\/#breadcrumb\"},\"inLanguage\":\"fr-FR\",\"potentialAction\":[{\"@type\":\"ReadAction\",\"target\":[\"https:\/\/cemer-innovation.com\/fr\/politique-de-confidentialite\/\"]}]},{\"@type\":\"BreadcrumbList\",\"@id\":\"https:\/\/cemer-innovation.com\/fr\/politique-de-confidentialite\/#breadcrumb\",\"itemListElement\":[{\"@type\":\"ListItem\",\"position\":1,\"name\":\"Inici\",\"item\":\"https:\/\/cemer-innovation.com\/fr\/\"},{\"@type\":\"ListItem\",\"position\":2,\"name\":\"Politique de confidentialit\u00e9\"}]},{\"@type\":\"WebSite\",\"@id\":\"https:\/\/cemer-innovation.com\/fr\/#website\",\"url\":\"https:\/\/cemer-innovation.com\/fr\/\",\"name\":\"Cemer Innovation\",\"description\":\"Motors el\u00e8ctrics i tanques mec\u00e0niques\",\"publisher\":{\"@id\":\"https:\/\/cemer-innovation.com\/fr\/#organization\"},\"alternateName\":\"CEMER\",\"potentialAction\":[{\"@type\":\"SearchAction\",\"target\":{\"@type\":\"EntryPoint\",\"urlTemplate\":\"https:\/\/cemer-innovation.com\/fr\/?s={search_term_string}\"},\"query-input\":{\"@type\":\"PropertyValueSpecification\",\"valueRequired\":true,\"valueName\":\"search_term_string\"}}],\"inLanguage\":\"fr-FR\"},{\"@type\":\"Organization\",\"@id\":\"https:\/\/cemer-innovation.com\/fr\/#organization\",\"name\":\"Cemer Innovation\",\"alternateName\":\"Cemer\",\"url\":\"https:\/\/cemer-innovation.com\/fr\/\",\"logo\":{\"@type\":\"ImageObject\",\"inLanguage\":\"fr-FR\",\"@id\":\"https:\/\/cemer-innovation.com\/fr\/#\/schema\/logo\/image\/\",\"url\":\"https:\/\/cemer-innovation.com\/wp-content\/uploads\/2024\/10\/logo-CEMER-400.png\",\"contentUrl\":\"https:\/\/cemer-innovation.com\/wp-content\/uploads\/2024\/10\/logo-CEMER-400.png\",\"width\":400,\"height\":94,\"caption\":\"Cemer Innovation\"},\"image\":{\"@id\":\"https:\/\/cemer-innovation.com\/fr\/#\/schema\/logo\/image\/\"},\"sameAs\":[\"https:\/\/www.linkedin.com\/company\/cosgra-s-a-motion-sealing\/\",\"https:\/\/www.instagram.com\/cosgra_motores_sellos\/\"]}]}<\/script>\n<!-- \/ Yoast SEO plugin. -->","yoast_head_json":{"title":"Politique de confidentialit\u00e9 - Cemer Innovation","robots":{"index":"noindex","follow":"follow"},"og_locale":"fr_FR","og_type":"article","og_title":"Politique de confidentialit\u00e9 - Cemer Innovation","og_description":"[vc_row][vc_column][\/vc_column][\/vc_row][vc_row][vc_column][vc_column_text css=\u00a0\u00bb\u00a0\u00bb] Politique de confidentialit\u00e9 [\/vc_column_text][\/vc_column][\/vc_row][vc_row][vc_column][vc_column_text css=\u00a0\u00bb\u00a0\u00bb font_size=\u00a0\u00bb16&Prime;]CEMER est une marque d\u00e9pos\u00e9e de COSGRA. COSGRA, S.A. s&rsquo;engage \u00e0 prot\u00e9ger la vie priv\u00e9e des utilisateurs qui acc\u00e8dent \u00e0 ce site web et\/ou \u00e0 l&rsquo;un de ses services. L&rsquo;utilisation du site web et\/ou de l&rsquo;un des services offerts par COSGRA, S.A. implique l&rsquo;acceptation par l&rsquo;utilisateur des dispositions&hellip;","og_url":"https:\/\/cemer-innovation.com\/fr\/politique-de-confidentialite\/","og_site_name":"Cemer Innovation","article_modified_time":"2024-12-09T09:23:41+00:00","og_image":[{"width":1200,"height":675,"url":"https:\/\/cemer-innovation.com\/wp-content\/uploads\/2024\/11\/cemer-innovation-seo.jpg","type":"image\/jpeg"}],"twitter_card":"summary_large_image","twitter_misc":{"Dur\u00e9e de lecture estim\u00e9e":"8 minutes"},"schema":{"@context":"https:\/\/schema.org","@graph":[{"@type":"WebPage","@id":"https:\/\/cemer-innovation.com\/fr\/politique-de-confidentialite\/","url":"https:\/\/cemer-innovation.com\/fr\/politique-de-confidentialite\/","name":"Politique de confidentialit\u00e9 - Cemer Innovation","isPartOf":{"@id":"https:\/\/cemer-innovation.com\/fr\/#website"},"datePublished":"2024-08-19T09:59:00+00:00","dateModified":"2024-12-09T09:23:41+00:00","breadcrumb":{"@id":"https:\/\/cemer-innovation.com\/fr\/politique-de-confidentialite\/#breadcrumb"},"inLanguage":"fr-FR","potentialAction":[{"@type":"ReadAction","target":["https:\/\/cemer-innovation.com\/fr\/politique-de-confidentialite\/"]}]},{"@type":"BreadcrumbList","@id":"https:\/\/cemer-innovation.com\/fr\/politique-de-confidentialite\/#breadcrumb","itemListElement":[{"@type":"ListItem","position":1,"name":"Inici","item":"https:\/\/cemer-innovation.com\/fr\/"},{"@type":"ListItem","position":2,"name":"Politique de confidentialit\u00e9"}]},{"@type":"WebSite","@id":"https:\/\/cemer-innovation.com\/fr\/#website","url":"https:\/\/cemer-innovation.com\/fr\/","name":"Cemer Innovation","description":"Motors el\u00e8ctrics i tanques mec\u00e0niques","publisher":{"@id":"https:\/\/cemer-innovation.com\/fr\/#organization"},"alternateName":"CEMER","potentialAction":[{"@type":"SearchAction","target":{"@type":"EntryPoint","urlTemplate":"https:\/\/cemer-innovation.com\/fr\/?s={search_term_string}"},"query-input":{"@type":"PropertyValueSpecification","valueRequired":true,"valueName":"search_term_string"}}],"inLanguage":"fr-FR"},{"@type":"Organization","@id":"https:\/\/cemer-innovation.com\/fr\/#organization","name":"Cemer Innovation","alternateName":"Cemer","url":"https:\/\/cemer-innovation.com\/fr\/","logo":{"@type":"ImageObject","inLanguage":"fr-FR","@id":"https:\/\/cemer-innovation.com\/fr\/#\/schema\/logo\/image\/","url":"https:\/\/cemer-innovation.com\/wp-content\/uploads\/2024\/10\/logo-CEMER-400.png","contentUrl":"https:\/\/cemer-innovation.com\/wp-content\/uploads\/2024\/10\/logo-CEMER-400.png","width":400,"height":94,"caption":"Cemer Innovation"},"image":{"@id":"https:\/\/cemer-innovation.com\/fr\/#\/schema\/logo\/image\/"},"sameAs":["https:\/\/www.linkedin.com\/company\/cosgra-s-a-motion-sealing\/","https:\/\/www.instagram.com\/cosgra_motores_sellos\/"]}]}},"_links":{"self":[{"href":"https:\/\/cemer-innovation.com\/fr\/wp-json\/wp\/v2\/pages\/2593"}],"collection":[{"href":"https:\/\/cemer-innovation.com\/fr\/wp-json\/wp\/v2\/pages"}],"about":[{"href":"https:\/\/cemer-innovation.com\/fr\/wp-json\/wp\/v2\/types\/page"}],"author":[{"embeddable":true,"href":"https:\/\/cemer-innovation.com\/fr\/wp-json\/wp\/v2\/users\/1"}],"replies":[{"embeddable":true,"href":"https:\/\/cemer-innovation.com\/fr\/wp-json\/wp\/v2\/comments?post=2593"}],"version-history":[{"count":4,"href":"https:\/\/cemer-innovation.com\/fr\/wp-json\/wp\/v2\/pages\/2593\/revisions"}],"predecessor-version":[{"id":2599,"href":"https:\/\/cemer-innovation.com\/fr\/wp-json\/wp\/v2\/pages\/2593\/revisions\/2599"}],"wp:attachment":[{"href":"https:\/\/cemer-innovation.com\/fr\/wp-json\/wp\/v2\/media?parent=2593"}],"curies":[{"name":"wp","href":"https:\/\/api.w.org\/{rel}","templated":true}]}}