{"id":2586,"date":"2024-08-19T09:59:21","date_gmt":"2024-08-19T09:59:21","guid":{"rendered":"https:\/\/cemer-innovation.com\/politica-de-cookies\/"},"modified":"2024-12-09T09:20:44","modified_gmt":"2024-12-09T09:20:44","slug":"politique-de-cookies","status":"publish","type":"page","link":"https:\/\/cemer-innovation.com\/fr\/politique-de-cookies\/","title":{"rendered":"Politique de cookies"},"content":{"rendered":"<div class=\"wpb-content-wrapper\">[vc_row][vc_column]\t<style>.vcex_69ee9022e1ba1{height:30px;}@media (max-width:1024px){.vcex_69ee9022e1ba1{height:24px;}}@media (max-width:959px){.vcex_69ee9022e1ba1{height:24px;}}@media (max-width:767px){.vcex_69ee9022e1ba1{height:20px;}}@media (max-width:479px){.vcex_69ee9022e1ba1{height:20px;}}<\/style>\n<div class=\"vcex-spacing wpex-w-100 wpex-clear vcex_69ee9022e1ba1\"><\/div>[\/vc_column][\/vc_row][vc_row][vc_column][vc_column_text css=\u00a0\u00bb\u00a0\u00bb]\n<h1>Politique de cookies<\/h1>\n[\/vc_column_text][\/vc_column][\/vc_row][vc_row][vc_column][vc_column_text css=\u00a0\u00bb\u00a0\u00bb font_size=\u00a0\u00bb16&Prime;]Notre site web utilise une technologie appel\u00e9e \u00ab\u00a0cookies\u00a0\u00bb afin d&rsquo;obtenir des informations sur l&rsquo;utilisation du site web, d&rsquo;am\u00e9liorer l&rsquo;exp\u00e9rience de l&rsquo;utilisateur et d&rsquo;assurer son bon fonctionnement.<\/p>\n<h3>D\u00c9FINITION D&rsquo;UN COOKIE<\/h3>\n<p>Un \u00ab\u00a0cookie\u00a0\u00bb est un petit fragment de texte que les sites web envoient au navigateur et qui est stock\u00e9 dans le terminal de l&rsquo;utilisateur (ordinateur ou appareil mobile). Le but de ces fichiers est de stocker des donn\u00e9es qui peuvent \u00eatre mises \u00e0 jour et r\u00e9cup\u00e9r\u00e9es par l&rsquo;entit\u00e9 responsable de leur installation. Ainsi, \u00e0 chaque fois que l&rsquo;utilisateur revient sur le m\u00eame site web, le navigateur r\u00e9cup\u00e8re le fichier et l&rsquo;envoie au serveur du site web. Les cookies ont plusieurs fonctions, notamment celle de collecter des informations sur les pr\u00e9f\u00e9rences de l&rsquo;utilisateur et de les m\u00e9moriser, et, d&rsquo;une mani\u00e8re g\u00e9n\u00e9rale, de faciliter l&rsquo;utilisation du site web pour l&rsquo;utilisateur en rendant le site plus utile gr\u00e2ce \u00e0 la personnalisation de son contenu.<\/p>\n<p>Les cookies peuvent \u00eatre class\u00e9s en fonction de diff\u00e9rents param\u00e8tres :<\/p>\n<ol>\n<li><strong>Titularit\u00e9 :<\/strong> cookies propres et cookies de tiers : en fonction de l&rsquo;entit\u00e9 qui g\u00e8re le domaine \u00e0 partir duquel les cookies sont envoy\u00e9s et les donn\u00e9es obtenues sont trait\u00e9es.<\/li>\n<li><strong>Dur\u00e9e :<\/strong> cookies de session et cookies persistants : en fonction de la dur\u00e9e pendant laquelle ils restent stock\u00e9s dans le terminal de l&rsquo;utilisateur.<\/li>\n<li><strong>Finalit\u00e9 :<\/strong> cookies techniques, cookies de personnalisation, cookies d&rsquo;analyse, cookies publicitaires, cookies de publicit\u00e9 comportementale : en fonction de la finalit\u00e9 du traitement des donn\u00e9es obtenues.<\/li>\n<\/ol>\n<ul>\n<li><strong>Cookies techniques :<\/strong> ce sont ceux qui permettent \u00e0 l&rsquo;utilisateur de naviguer sur le site web ou l&rsquo;application et d&rsquo;utiliser les diff\u00e9rentes options ou services qui y sont propos\u00e9s. Par exemple, le contr\u00f4le du trafic et de la communication des donn\u00e9es, l&rsquo;identification de la session ou l&rsquo;acc\u00e8s \u00e0 des parties du site \u00e0 acc\u00e8s restreint.<\/li>\n<li><strong>Cookies de personnalisation :<\/strong> il s&rsquo;agit de cookies qui permettent \u00e0 l&rsquo;utilisateur d&rsquo;acc\u00e9der au service avec certaines caract\u00e9ristiques g\u00e9n\u00e9rales pr\u00e9d\u00e9finies dans son terminal ou d\u00e9finies par l&rsquo;utilisateur lui-m\u00eame. Par exemple, la langue, le type de navigateur utilis\u00e9 pour acc\u00e9der au service ou la conception du contenu s\u00e9lectionn\u00e9.<\/li>\n<li><strong>Cookies d&rsquo;analyse :<\/strong> il s&rsquo;agit de cookies qui sont trait\u00e9s par nous-m\u00eames ou par des tiers et qui nous permettent de quantifier le nombre d&rsquo;utilisateurs et de r\u00e9aliser ainsi une analyse statistique de l&rsquo;utilisation faite par les utilisateurs du service offert. Ainsi, votre navigation sur notre site web est analys\u00e9e afin d&rsquo;am\u00e9liorer la gamme de produits ou de services que nous proposons.<\/li>\n<li><strong>Cookies publicitaires :<\/strong> Ce sont ceux qui permettent de g\u00e9rer, de la mani\u00e8re la plus efficace possible, les espaces publicitaires que, le cas \u00e9ch\u00e9ant, l&rsquo;\u00e9diteur a inclus sur un site web, une application ou une plateforme \u00e0 partir de laquelle il fournit le service demand\u00e9 sur la base de crit\u00e8res tels que le contenu \u00e9dit\u00e9 ou la fr\u00e9quence \u00e0 laquelle les publicit\u00e9s sont affich\u00e9es.<\/li>\n<li><strong>Cookies de publicit\u00e9 comportementale :<\/strong> Ces cookies permettent de g\u00e9rer, de la mani\u00e8re la plus efficace possible, les espaces publicitaires que, le cas \u00e9ch\u00e9ant, l&rsquo;\u00e9diteur a inclus sur un site web, une application ou une plateforme \u00e0 partir de laquelle il fournit le service demand\u00e9. Ces cookies stockent des informations sur le comportement des utilisateurs obtenues gr\u00e2ce \u00e0 l&rsquo;observation continue de leurs habitudes de navigation, ce qui permet de d\u00e9velopper un profil sp\u00e9cifique afin d&rsquo;afficher des publicit\u00e9s bas\u00e9es sur ce dernier.<\/li>\n<\/ul>\n<h3>COOKIES UTILIS\u00c9S SUR NOTRE SITE WEB<\/h3>\n<p>Notre site web utilise \u00e0 la fois des cookies propres, qui sont ceux envoy\u00e9s \u00e0 votre ordinateur et g\u00e9r\u00e9s exclusivement par nous pour le meilleur fonctionnement du site web, et des cookies de tiers, dont la fonction est de servir \u00e0 l&rsquo;interaction des utilisateurs avec nous.<\/p>\n<p>Notre site web utilise \u00e0 la fois des cookies de session temporaires et des cookies persistants. Les cookies de session stockent des donn\u00e9es uniquement lorsque l&rsquo;utilisateur acc\u00e8de au site web, tandis que les cookies persistants stockent des donn\u00e9es dans le terminal afin de pouvoir y acc\u00e9der et les utiliser au cours de plusieurs sessions.<\/p>\n<p>Plus pr\u00e9cis\u00e9ment, les cookies utilis\u00e9s sur notre site web sont les suivants :<\/p>\n<h3>COOKIES PROPRES<\/h3>\n<p>Les cookies propres que nous utilisons sur notre site sont de nature technique, relatifs \u00e0 la programmation et \u00e0 la s\u00e9curit\u00e9 de la navigation, essentiels au fonctionnement du site, ainsi que des cookies de personnalisation pour m\u00e9moriser le choix de la langue de navigation.<\/p>\n<h3>COOKIES DE TIERS<\/h3>\n[\/vc_column_text]<div class=\"vcex-spacing wpex-w-100 wpex-clear\" style=\"height:20px;\"><\/div><figure class=\"vcex-image vcex-module textcenter\"><div class=\"vcex-image-inner wpex-relative wpex-inline-block\"><a href=\"https:\/\/cemer-innovation.com\/wp-content\/uploads\/2024\/11\/cookies-d-tiers-fr.jpg\" class=\"wpex-lightbox\"><img width=\"1500\" height=\"711\" src=\"https:\/\/cemer-innovation.com\/wp-content\/uploads\/2024\/11\/cookies-d-tiers-fr.jpg\" class=\"vcex-image-img wpex-align-middle\" alt=\"Table de cookies FR\" loading=\"lazy\" decoding=\"async\" srcset=\"https:\/\/cemer-innovation.com\/wp-content\/uploads\/2024\/11\/cookies-d-tiers-fr.jpg 1500w, https:\/\/cemer-innovation.com\/wp-content\/uploads\/2024\/11\/cookies-d-tiers-fr-300x142.jpg 300w, https:\/\/cemer-innovation.com\/wp-content\/uploads\/2024\/11\/cookies-d-tiers-fr-1024x485.jpg 1024w, https:\/\/cemer-innovation.com\/wp-content\/uploads\/2024\/11\/cookies-d-tiers-fr-768x364.jpg 768w\" sizes=\"(max-width: 1500px) 100vw, 1500px\" \/><\/a><\/div><\/figure>[\/vc_column][\/vc_row][vc_row][vc_column][vc_column_text css=\u00a0\u00bb\u00a0\u00bb font_size=\u00a0\u00bb16&Prime;]Enfin, des cookies sont \u00e9galement utilis\u00e9s pour l&rsquo;\u00e9change de contenu social.<\/p>\n<h3>CONSENTEMENT<\/h3>\n<p>Le consentement \u00e0 l&rsquo;utilisation des cookies susmentionn\u00e9s, pour les p\u00e9riodes indiqu\u00e9es et dans les conditions contenues dans la pr\u00e9sente politique relative aux cookies, sera obtenu en acceptant l&rsquo;avis d&rsquo;information initial sur les cookies qui s&rsquo;affiche lorsque vous chargez notre site web.<\/p>\n<h3>RETRAIT DU CONSENTEMENT<\/h3>\n<p>L&rsquo;utilisateur peut \u00e0 tout moment retirer son consentement concernant la pr\u00e9sente politique en mati\u00e8re de cookies en supprimant les cookies stock\u00e9s sur son ordinateur \u00e0 l&rsquo;aide des param\u00e8tres et des configurations de son navigateur Internet.<\/p>\n<h3>CONSEIL DE CONFIGURATION DES COOKIES<\/h3>\n<p>Comment d\u00e9sactiver les cookies dans les principaux navigateurs ?<\/p>\n<p>Bien qu&rsquo;ils puissent varier l\u00e9g\u00e8rement d&rsquo;une version de navigateur \u00e0 l&rsquo;autre, les param\u00e8tres de la politique en mati\u00e8re de cookies des navigateurs les plus couramment utilis\u00e9s sont les suivants :<\/p>\n<p><strong>Internet Explorer :<\/strong> Outils -&gt; Options Internet -&gt; Confidentialit\u00e9 -&gt; Param\u00e8tres.<br \/>\n<strong>Firefox :<\/strong> Outils -&gt; Options -&gt; Confidentialit\u00e9 -&gt; Historique -&gt; Param\u00e8tres personnalis\u00e9s.<br \/>\n<strong>Chrome :<\/strong> Param\u00e8tres -&gt; Afficher les options avanc\u00e9es -&gt; Confidentialit\u00e9 -&gt; Param\u00e8tres de contenu.<br \/>\n<strong>Safari :<\/strong> Pr\u00e9f\u00e9rences -&gt; S\u00e9curit\u00e9.<br \/>\n<strong>Opera :<\/strong> Param\u00e8tres -&gt; Confidentialit\u00e9 et s\u00e9curit\u00e9.<\/p>\n<p>Pour plus d&rsquo;informations, vous pouvez consulter le support ou l&rsquo;aide de votre navigateur ou via les liens suivants : Safari, Chrome, Firefox, Explorer, Opera.<\/p>\n<p>Par ailleurs, vous pouvez \u00e9galement g\u00e9rer le stockage des cookies dans votre navigateur gr\u00e2ce \u00e0 des outils tels que les suivants :<\/p>\n<ul>\n<li>Vos choix en ligne<\/li>\n<li>Ghostery<\/li>\n<\/ul>\n<h3>MISE A JOUR DE LA POLITIQUE EN MATIERE DE COOKIES<\/h3>\n<p>Ce site web peut modifier la pr\u00e9sente politique en mati\u00e8re de cookies, c&rsquo;est pourquoi nous vous recommandons de consulter cette politique chaque fois que vous acc\u00e9dez \u00e0 notre site web afin d&rsquo;\u00eatre correctement inform\u00e9 de l&rsquo;utilisation que nous faisons des cookies.[\/vc_column_text]\t<style>.vcex_69ee9022e3b6b{height:30px;}@media (max-width:1024px){.vcex_69ee9022e3b6b{height:20px;}}@media (max-width:959px){.vcex_69ee9022e3b6b{height:20px;}}@media (max-width:767px){.vcex_69ee9022e3b6b{height:10px;}}@media (max-width:479px){.vcex_69ee9022e3b6b{height:10px;}}<\/style>\n<div class=\"vcex-spacing wpex-w-100 wpex-clear vcex_69ee9022e3b6b\"><\/div>[\/vc_column][\/vc_row]\n<\/div>","protected":false},"excerpt":{"rendered":"<p>[vc_row][vc_column][\/vc_column][\/vc_row][vc_row][vc_column][vc_column_text css=\u00a0\u00bb\u00a0\u00bb] Politique de cookies [\/vc_column_text][\/vc_column][\/vc_row][vc_row][vc_column][vc_column_text css=\u00a0\u00bb\u00a0\u00bb font_size=\u00a0\u00bb16&Prime;]Notre site web utilise une technologie appel\u00e9e \u00ab\u00a0cookies\u00a0\u00bb afin d&rsquo;obtenir des informations sur l&rsquo;utilisation du site web, d&rsquo;am\u00e9liorer l&rsquo;exp\u00e9rience de l&rsquo;utilisateur et d&rsquo;assurer son bon fonctionnement. D\u00c9FINITION D&rsquo;UN COOKIE Un \u00ab\u00a0cookie\u00a0\u00bb est un petit fragment de texte que les sites web envoient au navigateur et qui est stock\u00e9&hellip;<\/p>\n","protected":false},"author":1,"featured_media":0,"parent":0,"menu_order":0,"comment_status":"closed","ping_status":"closed","template":"","meta":{"footnotes":""},"class_list":["post-2586","page","type-page","status-publish","hentry","entry","no-media"],"yoast_head":"<!-- This site is optimized with the Yoast SEO plugin v24.6 - https:\/\/yoast.com\/wordpress\/plugins\/seo\/ -->\n<title>Politique de cookies - Cemer Innovation<\/title>\n<meta name=\"robots\" content=\"noindex, follow\" \/>\n<meta property=\"og:locale\" content=\"fr_FR\" \/>\n<meta property=\"og:type\" content=\"article\" \/>\n<meta property=\"og:title\" content=\"Politique de cookies - Cemer Innovation\" \/>\n<meta property=\"og:description\" content=\"[vc_row][vc_column][\/vc_column][\/vc_row][vc_row][vc_column][vc_column_text css=\u00a0\u00bb\u00a0\u00bb] Politique de cookies [\/vc_column_text][\/vc_column][\/vc_row][vc_row][vc_column][vc_column_text css=\u00a0\u00bb\u00a0\u00bb font_size=\u00a0\u00bb16&Prime;]Notre site web utilise une technologie appel\u00e9e \u00ab\u00a0cookies\u00a0\u00bb afin d&rsquo;obtenir des informations sur l&rsquo;utilisation du site web, d&rsquo;am\u00e9liorer l&rsquo;exp\u00e9rience de l&rsquo;utilisateur et d&rsquo;assurer son bon fonctionnement. D\u00c9FINITION D&rsquo;UN COOKIE Un \u00ab\u00a0cookie\u00a0\u00bb est un petit fragment de texte que les sites web envoient au navigateur et qui est stock\u00e9&hellip;\" \/>\n<meta property=\"og:url\" content=\"https:\/\/cemer-innovation.com\/fr\/politique-de-cookies\/\" \/>\n<meta property=\"og:site_name\" content=\"Cemer Innovation\" \/>\n<meta property=\"article:modified_time\" content=\"2024-12-09T09:20:44+00:00\" \/>\n<meta property=\"og:image\" content=\"https:\/\/cemer-innovation.com\/wp-content\/uploads\/2024\/11\/cemer-innovation-seo.jpg\" \/>\n\t<meta property=\"og:image:width\" content=\"1200\" \/>\n\t<meta property=\"og:image:height\" content=\"675\" \/>\n\t<meta property=\"og:image:type\" content=\"image\/jpeg\" \/>\n<meta name=\"twitter:card\" content=\"summary_large_image\" \/>\n<meta name=\"twitter:label1\" content=\"Dur\u00e9e de lecture estim\u00e9e\" \/>\n\t<meta name=\"twitter:data1\" content=\"6 minutes\" \/>\n<script type=\"application\/ld+json\" class=\"yoast-schema-graph\">{\"@context\":\"https:\/\/schema.org\",\"@graph\":[{\"@type\":\"WebPage\",\"@id\":\"https:\/\/cemer-innovation.com\/fr\/politique-de-cookies\/\",\"url\":\"https:\/\/cemer-innovation.com\/fr\/politique-de-cookies\/\",\"name\":\"Politique de cookies - Cemer Innovation\",\"isPartOf\":{\"@id\":\"https:\/\/cemer-innovation.com\/fr\/#website\"},\"datePublished\":\"2024-08-19T09:59:21+00:00\",\"dateModified\":\"2024-12-09T09:20:44+00:00\",\"breadcrumb\":{\"@id\":\"https:\/\/cemer-innovation.com\/fr\/politique-de-cookies\/#breadcrumb\"},\"inLanguage\":\"fr-FR\",\"potentialAction\":[{\"@type\":\"ReadAction\",\"target\":[\"https:\/\/cemer-innovation.com\/fr\/politique-de-cookies\/\"]}]},{\"@type\":\"BreadcrumbList\",\"@id\":\"https:\/\/cemer-innovation.com\/fr\/politique-de-cookies\/#breadcrumb\",\"itemListElement\":[{\"@type\":\"ListItem\",\"position\":1,\"name\":\"Inici\",\"item\":\"https:\/\/cemer-innovation.com\/fr\/\"},{\"@type\":\"ListItem\",\"position\":2,\"name\":\"Politique de cookies\"}]},{\"@type\":\"WebSite\",\"@id\":\"https:\/\/cemer-innovation.com\/fr\/#website\",\"url\":\"https:\/\/cemer-innovation.com\/fr\/\",\"name\":\"Cemer Innovation\",\"description\":\"Motors el\u00e8ctrics i tanques mec\u00e0niques\",\"publisher\":{\"@id\":\"https:\/\/cemer-innovation.com\/fr\/#organization\"},\"alternateName\":\"CEMER\",\"potentialAction\":[{\"@type\":\"SearchAction\",\"target\":{\"@type\":\"EntryPoint\",\"urlTemplate\":\"https:\/\/cemer-innovation.com\/fr\/?s={search_term_string}\"},\"query-input\":{\"@type\":\"PropertyValueSpecification\",\"valueRequired\":true,\"valueName\":\"search_term_string\"}}],\"inLanguage\":\"fr-FR\"},{\"@type\":\"Organization\",\"@id\":\"https:\/\/cemer-innovation.com\/fr\/#organization\",\"name\":\"Cemer Innovation\",\"alternateName\":\"Cemer\",\"url\":\"https:\/\/cemer-innovation.com\/fr\/\",\"logo\":{\"@type\":\"ImageObject\",\"inLanguage\":\"fr-FR\",\"@id\":\"https:\/\/cemer-innovation.com\/fr\/#\/schema\/logo\/image\/\",\"url\":\"https:\/\/cemer-innovation.com\/wp-content\/uploads\/2024\/10\/logo-CEMER-400.png\",\"contentUrl\":\"https:\/\/cemer-innovation.com\/wp-content\/uploads\/2024\/10\/logo-CEMER-400.png\",\"width\":400,\"height\":94,\"caption\":\"Cemer Innovation\"},\"image\":{\"@id\":\"https:\/\/cemer-innovation.com\/fr\/#\/schema\/logo\/image\/\"},\"sameAs\":[\"https:\/\/www.linkedin.com\/company\/cosgra-s-a-motion-sealing\/\",\"https:\/\/www.instagram.com\/cosgra_motores_sellos\/\"]}]}<\/script>\n<!-- \/ Yoast SEO plugin. -->","yoast_head_json":{"title":"Politique de cookies - Cemer Innovation","robots":{"index":"noindex","follow":"follow"},"og_locale":"fr_FR","og_type":"article","og_title":"Politique de cookies - Cemer Innovation","og_description":"[vc_row][vc_column][\/vc_column][\/vc_row][vc_row][vc_column][vc_column_text css=\u00a0\u00bb\u00a0\u00bb] Politique de cookies [\/vc_column_text][\/vc_column][\/vc_row][vc_row][vc_column][vc_column_text css=\u00a0\u00bb\u00a0\u00bb font_size=\u00a0\u00bb16&Prime;]Notre site web utilise une technologie appel\u00e9e \u00ab\u00a0cookies\u00a0\u00bb afin d&rsquo;obtenir des informations sur l&rsquo;utilisation du site web, d&rsquo;am\u00e9liorer l&rsquo;exp\u00e9rience de l&rsquo;utilisateur et d&rsquo;assurer son bon fonctionnement. D\u00c9FINITION D&rsquo;UN COOKIE Un \u00ab\u00a0cookie\u00a0\u00bb est un petit fragment de texte que les sites web envoient au navigateur et qui est stock\u00e9&hellip;","og_url":"https:\/\/cemer-innovation.com\/fr\/politique-de-cookies\/","og_site_name":"Cemer Innovation","article_modified_time":"2024-12-09T09:20:44+00:00","og_image":[{"width":1200,"height":675,"url":"https:\/\/cemer-innovation.com\/wp-content\/uploads\/2024\/11\/cemer-innovation-seo.jpg","type":"image\/jpeg"}],"twitter_card":"summary_large_image","twitter_misc":{"Dur\u00e9e de lecture estim\u00e9e":"6 minutes"},"schema":{"@context":"https:\/\/schema.org","@graph":[{"@type":"WebPage","@id":"https:\/\/cemer-innovation.com\/fr\/politique-de-cookies\/","url":"https:\/\/cemer-innovation.com\/fr\/politique-de-cookies\/","name":"Politique de cookies - Cemer Innovation","isPartOf":{"@id":"https:\/\/cemer-innovation.com\/fr\/#website"},"datePublished":"2024-08-19T09:59:21+00:00","dateModified":"2024-12-09T09:20:44+00:00","breadcrumb":{"@id":"https:\/\/cemer-innovation.com\/fr\/politique-de-cookies\/#breadcrumb"},"inLanguage":"fr-FR","potentialAction":[{"@type":"ReadAction","target":["https:\/\/cemer-innovation.com\/fr\/politique-de-cookies\/"]}]},{"@type":"BreadcrumbList","@id":"https:\/\/cemer-innovation.com\/fr\/politique-de-cookies\/#breadcrumb","itemListElement":[{"@type":"ListItem","position":1,"name":"Inici","item":"https:\/\/cemer-innovation.com\/fr\/"},{"@type":"ListItem","position":2,"name":"Politique de cookies"}]},{"@type":"WebSite","@id":"https:\/\/cemer-innovation.com\/fr\/#website","url":"https:\/\/cemer-innovation.com\/fr\/","name":"Cemer Innovation","description":"Motors el\u00e8ctrics i tanques mec\u00e0niques","publisher":{"@id":"https:\/\/cemer-innovation.com\/fr\/#organization"},"alternateName":"CEMER","potentialAction":[{"@type":"SearchAction","target":{"@type":"EntryPoint","urlTemplate":"https:\/\/cemer-innovation.com\/fr\/?s={search_term_string}"},"query-input":{"@type":"PropertyValueSpecification","valueRequired":true,"valueName":"search_term_string"}}],"inLanguage":"fr-FR"},{"@type":"Organization","@id":"https:\/\/cemer-innovation.com\/fr\/#organization","name":"Cemer Innovation","alternateName":"Cemer","url":"https:\/\/cemer-innovation.com\/fr\/","logo":{"@type":"ImageObject","inLanguage":"fr-FR","@id":"https:\/\/cemer-innovation.com\/fr\/#\/schema\/logo\/image\/","url":"https:\/\/cemer-innovation.com\/wp-content\/uploads\/2024\/10\/logo-CEMER-400.png","contentUrl":"https:\/\/cemer-innovation.com\/wp-content\/uploads\/2024\/10\/logo-CEMER-400.png","width":400,"height":94,"caption":"Cemer Innovation"},"image":{"@id":"https:\/\/cemer-innovation.com\/fr\/#\/schema\/logo\/image\/"},"sameAs":["https:\/\/www.linkedin.com\/company\/cosgra-s-a-motion-sealing\/","https:\/\/www.instagram.com\/cosgra_motores_sellos\/"]}]}},"_links":{"self":[{"href":"https:\/\/cemer-innovation.com\/fr\/wp-json\/wp\/v2\/pages\/2586"}],"collection":[{"href":"https:\/\/cemer-innovation.com\/fr\/wp-json\/wp\/v2\/pages"}],"about":[{"href":"https:\/\/cemer-innovation.com\/fr\/wp-json\/wp\/v2\/types\/page"}],"author":[{"embeddable":true,"href":"https:\/\/cemer-innovation.com\/fr\/wp-json\/wp\/v2\/users\/1"}],"replies":[{"embeddable":true,"href":"https:\/\/cemer-innovation.com\/fr\/wp-json\/wp\/v2\/comments?post=2586"}],"version-history":[{"count":3,"href":"https:\/\/cemer-innovation.com\/fr\/wp-json\/wp\/v2\/pages\/2586\/revisions"}],"predecessor-version":[{"id":2598,"href":"https:\/\/cemer-innovation.com\/fr\/wp-json\/wp\/v2\/pages\/2586\/revisions\/2598"}],"wp:attachment":[{"href":"https:\/\/cemer-innovation.com\/fr\/wp-json\/wp\/v2\/media?parent=2586"}],"curies":[{"name":"wp","href":"https:\/\/api.w.org\/{rel}","templated":true}]}}