{"id":2581,"date":"2024-10-10T06:59:05","date_gmt":"2024-10-10T06:59:05","guid":{"rendered":"https:\/\/cemer-innovation.com\/avis-legal\/"},"modified":"2024-12-09T19:21:16","modified_gmt":"2024-12-09T19:21:16","slug":"mentions-legales","status":"publish","type":"page","link":"https:\/\/cemer-innovation.com\/fr\/mentions-legales\/","title":{"rendered":"Mentions l\u00e9gales"},"content":{"rendered":"<div class=\"wpb-content-wrapper\">[vc_row][vc_column]\t<style>.vcex_69ee9067ee78a{height:30px;}@media (max-width:1024px){.vcex_69ee9067ee78a{height:24px;}}@media (max-width:959px){.vcex_69ee9067ee78a{height:24px;}}@media (max-width:767px){.vcex_69ee9067ee78a{height:20px;}}@media (max-width:479px){.vcex_69ee9067ee78a{height:20px;}}<\/style>\n<div class=\"vcex-spacing wpex-w-100 wpex-clear vcex_69ee9067ee78a\"><\/div>[\/vc_column][\/vc_row][vc_row][vc_column][vc_column_text css=\u00a0\u00bb\u00a0\u00bb]\n<h1>Mentions l\u00e9gales<\/h1>\n[\/vc_column_text][\/vc_column][\/vc_row][vc_row][vc_column][vc_column_text css=\u00a0\u00bb\u00a0\u00bb font_size=\u00a0\u00bb16&Prime;]Informations conform\u00e9ment \u00e0 l&rsquo;article 10 de la LSSI (loi espagnole sur la protection des donn\u00e9es)<\/p>\n<p>CEMER est une marque de COSGRA, S. A.<\/p>\n<p>Le propri\u00e9taire de ce site web est :<\/p>\n<p style=\"padding-left: 40px;\">Identit\u00e9 : COSGRA, S. A.<br \/>\nNIF : A17108614<br \/>\nAdresse : Ctra. de Banyoles a Figueres, km 9 &#8211; APDO. 100 &#8211; 17832 Crespi\u00e0<br \/>\nT\u00e9l\u00e9phone : 972597807<br \/>\nCourriel : cosgra@cosgra.com<br \/>\nInscrite au registre du commerce de G\u00e9rone, Tom 98, Folio 175, Section 8, Page GI-1788, 14\u00e8me inscription.<\/p>\n<h3>CONDITIONS D&rsquo;UTILISATION<\/h3>\n<p>L&rsquo;utilisation de ce site web implique l&rsquo;acceptation totale des termes et conditions du pr\u00e9sent avis juridique. Tout conflit \u00e9ventuel relatif \u00e0 ce site web sera r\u00e9gi exclusivement par la loi espagnole. Tous les utilisateurs du site Web, quelle que soit la juridiction territoriale \u00e0 partir de laquelle ils y acc\u00e8dent, acceptent l&rsquo;application et le respect de ces clauses, renon\u00e7ant express\u00e9ment \u00e0 toute autre juridiction \u00e0 laquelle ils pourraient pr\u00e9tendre.<\/p>\n<h3>PROPRI\u00c9T\u00c9 INTELLECTUELLE ET INDUSTRIELLE<\/h3>\n<p>L&rsquo;ensemble du contenu de ce site web, qu&rsquo;il s&rsquo;agisse de textes, d&rsquo;images, de sons, de marques, de logos ou d&rsquo;autres \u00e9l\u00e9ments, ainsi que la structure, le design, les combinaisons de couleurs ou la pr\u00e9sentation du mat\u00e9riel, sont prot\u00e9g\u00e9s par des droits de propri\u00e9t\u00e9 industrielle et intellectuelle que l&rsquo;utilisateur de ce site web doit respecter. Leur transformation ou alt\u00e9ration, leur communication publique ou toute autre forme d&rsquo;exploitation par quelque proc\u00e9d\u00e9 que ce soit sans l&rsquo;autorisation expresse de COSGRA, S.A. n&rsquo;est pas permise.<\/p>\n<h3>RESPONSABILIT\u00c9 DES CONTENUS<\/h3>\n<p>Bien que COSGRA, S.A. agisse avec la plus grande diligence, il peut arriver que certaines donn\u00e9es ou informations ne soient pas compl\u00e8tement \u00e0 jour au moment o\u00f9 l&rsquo;utilisateur du site web les consulte. C&rsquo;est pourquoi les informations pr\u00e9sent\u00e9es sur ce site web sont fournies \u00e0 titre indicatif et n&rsquo;obligent pas COSGRA, S.A. \u00e0 les mettre \u00e0 jour.<\/p>\n<p>COSGRA, S.A. n&rsquo;est pas responsable des informations qui peuvent \u00eatre obtenues par le biais des liens inclus dans son site web.<\/p>\n<p>COSGRA, S.A. se r\u00e9serve le droit de modifier ou d&rsquo;actualiser l&rsquo;information et tous les \u00e9l\u00e9ments qui composent la conception et la configuration du site web \u00e0 tout moment et sans pr\u00e9avis.<\/p>\n<h3>DROIT APPLICABLE ET JURIDICTION<\/h3>\n<p>L&rsquo;utilisation de ce site web implique l&rsquo;acceptation totale des termes et conditions de cet avis juridique. Tout conflit \u00e9ventuel relatif \u00e0 ce site Web sera r\u00e9gi exclusivement par la l\u00e9gislation espagnole, et les cours et tribunaux espagnols seront comp\u00e9tents pour conna\u00eetre de toute question qui pourrait se poser \u00e0 ce sujet. L&rsquo;utilisateur, par son acceptation, renonce express\u00e9ment \u00e0 toute juridiction \u00e0 laquelle il pourrait pr\u00e9tendre en application de la loi de proc\u00e9dure civile en vigueur.[\/vc_column_text]\t<style>.vcex_69ee9067eeec9{height:30px;}@media (max-width:1024px){.vcex_69ee9067eeec9{height:20px;}}@media (max-width:959px){.vcex_69ee9067eeec9{height:20px;}}@media (max-width:767px){.vcex_69ee9067eeec9{height:10px;}}@media (max-width:479px){.vcex_69ee9067eeec9{height:10px;}}<\/style>\n<div class=\"vcex-spacing wpex-w-100 wpex-clear vcex_69ee9067eeec9\"><\/div>[vc_column_text css=\u00a0\u00bb\u00a0\u00bb]\n<hr \/>\n<p><span style=\"font-size: 13px;\">\u00a9 Infographic map page Qui som nous : <span style=\"color: #3366ff;\">Freepik<\/span><\/span>[\/vc_column_text]\t<style>.vcex_69ee9067ef1b2{height:30px;}@media (max-width:1024px){.vcex_69ee9067ef1b2{height:20px;}}@media (max-width:959px){.vcex_69ee9067ef1b2{height:20px;}}@media (max-width:767px){.vcex_69ee9067ef1b2{height:10px;}}@media (max-width:479px){.vcex_69ee9067ef1b2{height:10px;}}<\/style>\n<div class=\"vcex-spacing wpex-w-100 wpex-clear vcex_69ee9067ef1b2\"><\/div>[\/vc_column][\/vc_row]\n<\/div>","protected":false},"excerpt":{"rendered":"<p>[vc_row][vc_column][\/vc_column][\/vc_row][vc_row][vc_column][vc_column_text css=\u00a0\u00bb\u00a0\u00bb] Mentions l\u00e9gales [\/vc_column_text][\/vc_column][\/vc_row][vc_row][vc_column][vc_column_text css=\u00a0\u00bb\u00a0\u00bb font_size=\u00a0\u00bb16&Prime;]Informations conform\u00e9ment \u00e0 l&rsquo;article 10 de la LSSI (loi espagnole sur la protection des donn\u00e9es) CEMER est une marque de COSGRA, S. A. Le propri\u00e9taire de ce site web est : Identit\u00e9 : COSGRA, S. A. NIF : A17108614 Adresse : Ctra. de Banyoles a Figueres, km 9 &#8211;&hellip;<\/p>\n","protected":false},"author":1,"featured_media":0,"parent":0,"menu_order":0,"comment_status":"closed","ping_status":"closed","template":"","meta":{"footnotes":""},"class_list":["post-2581","page","type-page","status-publish","hentry","entry","no-media"],"yoast_head":"<!-- This site is optimized with the Yoast SEO plugin v24.6 - https:\/\/yoast.com\/wordpress\/plugins\/seo\/ -->\n<title>Mentions l\u00e9gales - Cemer Innovation<\/title>\n<meta name=\"robots\" content=\"noindex, follow\" \/>\n<meta property=\"og:locale\" content=\"fr_FR\" \/>\n<meta property=\"og:type\" content=\"article\" \/>\n<meta property=\"og:title\" content=\"Mentions l\u00e9gales - Cemer Innovation\" \/>\n<meta property=\"og:description\" content=\"[vc_row][vc_column][\/vc_column][\/vc_row][vc_row][vc_column][vc_column_text css=\u00a0\u00bb\u00a0\u00bb] Mentions l\u00e9gales [\/vc_column_text][\/vc_column][\/vc_row][vc_row][vc_column][vc_column_text css=\u00a0\u00bb\u00a0\u00bb font_size=\u00a0\u00bb16&Prime;]Informations conform\u00e9ment \u00e0 l&rsquo;article 10 de la LSSI (loi espagnole sur la protection des donn\u00e9es) CEMER est une marque de COSGRA, S. A. Le propri\u00e9taire de ce site web est : Identit\u00e9 : COSGRA, S. A. NIF : A17108614 Adresse : Ctra. de Banyoles a Figueres, km 9 &#8211;&hellip;\" \/>\n<meta property=\"og:url\" content=\"https:\/\/cemer-innovation.com\/fr\/mentions-legales\/\" \/>\n<meta property=\"og:site_name\" content=\"Cemer Innovation\" \/>\n<meta property=\"article:modified_time\" content=\"2024-12-09T19:21:16+00:00\" \/>\n<meta property=\"og:image\" content=\"https:\/\/cemer-innovation.com\/wp-content\/uploads\/2024\/11\/cemer-innovation-seo.jpg\" \/>\n\t<meta property=\"og:image:width\" content=\"1200\" \/>\n\t<meta property=\"og:image:height\" content=\"675\" \/>\n\t<meta property=\"og:image:type\" content=\"image\/jpeg\" \/>\n<meta name=\"twitter:card\" content=\"summary_large_image\" \/>\n<meta name=\"twitter:label1\" content=\"Dur\u00e9e de lecture estim\u00e9e\" \/>\n\t<meta name=\"twitter:data1\" content=\"3 minutes\" \/>\n<script type=\"application\/ld+json\" class=\"yoast-schema-graph\">{\"@context\":\"https:\/\/schema.org\",\"@graph\":[{\"@type\":\"WebPage\",\"@id\":\"https:\/\/cemer-innovation.com\/fr\/mentions-legales\/\",\"url\":\"https:\/\/cemer-innovation.com\/fr\/mentions-legales\/\",\"name\":\"Mentions l\u00e9gales - Cemer Innovation\",\"isPartOf\":{\"@id\":\"https:\/\/cemer-innovation.com\/fr\/#website\"},\"datePublished\":\"2024-10-10T06:59:05+00:00\",\"dateModified\":\"2024-12-09T19:21:16+00:00\",\"breadcrumb\":{\"@id\":\"https:\/\/cemer-innovation.com\/fr\/mentions-legales\/#breadcrumb\"},\"inLanguage\":\"fr-FR\",\"potentialAction\":[{\"@type\":\"ReadAction\",\"target\":[\"https:\/\/cemer-innovation.com\/fr\/mentions-legales\/\"]}]},{\"@type\":\"BreadcrumbList\",\"@id\":\"https:\/\/cemer-innovation.com\/fr\/mentions-legales\/#breadcrumb\",\"itemListElement\":[{\"@type\":\"ListItem\",\"position\":1,\"name\":\"Inici\",\"item\":\"https:\/\/cemer-innovation.com\/fr\/\"},{\"@type\":\"ListItem\",\"position\":2,\"name\":\"Mentions l\u00e9gales\"}]},{\"@type\":\"WebSite\",\"@id\":\"https:\/\/cemer-innovation.com\/fr\/#website\",\"url\":\"https:\/\/cemer-innovation.com\/fr\/\",\"name\":\"Cemer Innovation\",\"description\":\"Motors el\u00e8ctrics i tanques mec\u00e0niques\",\"publisher\":{\"@id\":\"https:\/\/cemer-innovation.com\/fr\/#organization\"},\"alternateName\":\"CEMER\",\"potentialAction\":[{\"@type\":\"SearchAction\",\"target\":{\"@type\":\"EntryPoint\",\"urlTemplate\":\"https:\/\/cemer-innovation.com\/fr\/?s={search_term_string}\"},\"query-input\":{\"@type\":\"PropertyValueSpecification\",\"valueRequired\":true,\"valueName\":\"search_term_string\"}}],\"inLanguage\":\"fr-FR\"},{\"@type\":\"Organization\",\"@id\":\"https:\/\/cemer-innovation.com\/fr\/#organization\",\"name\":\"Cemer Innovation\",\"alternateName\":\"Cemer\",\"url\":\"https:\/\/cemer-innovation.com\/fr\/\",\"logo\":{\"@type\":\"ImageObject\",\"inLanguage\":\"fr-FR\",\"@id\":\"https:\/\/cemer-innovation.com\/fr\/#\/schema\/logo\/image\/\",\"url\":\"https:\/\/cemer-innovation.com\/wp-content\/uploads\/2024\/10\/logo-CEMER-400.png\",\"contentUrl\":\"https:\/\/cemer-innovation.com\/wp-content\/uploads\/2024\/10\/logo-CEMER-400.png\",\"width\":400,\"height\":94,\"caption\":\"Cemer Innovation\"},\"image\":{\"@id\":\"https:\/\/cemer-innovation.com\/fr\/#\/schema\/logo\/image\/\"},\"sameAs\":[\"https:\/\/www.linkedin.com\/company\/cosgra-s-a-motion-sealing\/\",\"https:\/\/www.instagram.com\/cosgra_motores_sellos\/\"]}]}<\/script>\n<!-- \/ Yoast SEO plugin. -->","yoast_head_json":{"title":"Mentions l\u00e9gales - Cemer Innovation","robots":{"index":"noindex","follow":"follow"},"og_locale":"fr_FR","og_type":"article","og_title":"Mentions l\u00e9gales - Cemer Innovation","og_description":"[vc_row][vc_column][\/vc_column][\/vc_row][vc_row][vc_column][vc_column_text css=\u00a0\u00bb\u00a0\u00bb] Mentions l\u00e9gales [\/vc_column_text][\/vc_column][\/vc_row][vc_row][vc_column][vc_column_text css=\u00a0\u00bb\u00a0\u00bb font_size=\u00a0\u00bb16&Prime;]Informations conform\u00e9ment \u00e0 l&rsquo;article 10 de la LSSI (loi espagnole sur la protection des donn\u00e9es) CEMER est une marque de COSGRA, S. A. Le propri\u00e9taire de ce site web est : Identit\u00e9 : COSGRA, S. A. NIF : A17108614 Adresse : Ctra. de Banyoles a Figueres, km 9 &#8211;&hellip;","og_url":"https:\/\/cemer-innovation.com\/fr\/mentions-legales\/","og_site_name":"Cemer Innovation","article_modified_time":"2024-12-09T19:21:16+00:00","og_image":[{"width":1200,"height":675,"url":"https:\/\/cemer-innovation.com\/wp-content\/uploads\/2024\/11\/cemer-innovation-seo.jpg","type":"image\/jpeg"}],"twitter_card":"summary_large_image","twitter_misc":{"Dur\u00e9e de lecture estim\u00e9e":"3 minutes"},"schema":{"@context":"https:\/\/schema.org","@graph":[{"@type":"WebPage","@id":"https:\/\/cemer-innovation.com\/fr\/mentions-legales\/","url":"https:\/\/cemer-innovation.com\/fr\/mentions-legales\/","name":"Mentions l\u00e9gales - Cemer Innovation","isPartOf":{"@id":"https:\/\/cemer-innovation.com\/fr\/#website"},"datePublished":"2024-10-10T06:59:05+00:00","dateModified":"2024-12-09T19:21:16+00:00","breadcrumb":{"@id":"https:\/\/cemer-innovation.com\/fr\/mentions-legales\/#breadcrumb"},"inLanguage":"fr-FR","potentialAction":[{"@type":"ReadAction","target":["https:\/\/cemer-innovation.com\/fr\/mentions-legales\/"]}]},{"@type":"BreadcrumbList","@id":"https:\/\/cemer-innovation.com\/fr\/mentions-legales\/#breadcrumb","itemListElement":[{"@type":"ListItem","position":1,"name":"Inici","item":"https:\/\/cemer-innovation.com\/fr\/"},{"@type":"ListItem","position":2,"name":"Mentions l\u00e9gales"}]},{"@type":"WebSite","@id":"https:\/\/cemer-innovation.com\/fr\/#website","url":"https:\/\/cemer-innovation.com\/fr\/","name":"Cemer Innovation","description":"Motors el\u00e8ctrics i tanques mec\u00e0niques","publisher":{"@id":"https:\/\/cemer-innovation.com\/fr\/#organization"},"alternateName":"CEMER","potentialAction":[{"@type":"SearchAction","target":{"@type":"EntryPoint","urlTemplate":"https:\/\/cemer-innovation.com\/fr\/?s={search_term_string}"},"query-input":{"@type":"PropertyValueSpecification","valueRequired":true,"valueName":"search_term_string"}}],"inLanguage":"fr-FR"},{"@type":"Organization","@id":"https:\/\/cemer-innovation.com\/fr\/#organization","name":"Cemer Innovation","alternateName":"Cemer","url":"https:\/\/cemer-innovation.com\/fr\/","logo":{"@type":"ImageObject","inLanguage":"fr-FR","@id":"https:\/\/cemer-innovation.com\/fr\/#\/schema\/logo\/image\/","url":"https:\/\/cemer-innovation.com\/wp-content\/uploads\/2024\/10\/logo-CEMER-400.png","contentUrl":"https:\/\/cemer-innovation.com\/wp-content\/uploads\/2024\/10\/logo-CEMER-400.png","width":400,"height":94,"caption":"Cemer Innovation"},"image":{"@id":"https:\/\/cemer-innovation.com\/fr\/#\/schema\/logo\/image\/"},"sameAs":["https:\/\/www.linkedin.com\/company\/cosgra-s-a-motion-sealing\/","https:\/\/www.instagram.com\/cosgra_motores_sellos\/"]}]}},"_links":{"self":[{"href":"https:\/\/cemer-innovation.com\/fr\/wp-json\/wp\/v2\/pages\/2581"}],"collection":[{"href":"https:\/\/cemer-innovation.com\/fr\/wp-json\/wp\/v2\/pages"}],"about":[{"href":"https:\/\/cemer-innovation.com\/fr\/wp-json\/wp\/v2\/types\/page"}],"author":[{"embeddable":true,"href":"https:\/\/cemer-innovation.com\/fr\/wp-json\/wp\/v2\/users\/1"}],"replies":[{"embeddable":true,"href":"https:\/\/cemer-innovation.com\/fr\/wp-json\/wp\/v2\/comments?post=2581"}],"version-history":[{"count":4,"href":"https:\/\/cemer-innovation.com\/fr\/wp-json\/wp\/v2\/pages\/2581\/revisions"}],"predecessor-version":[{"id":2584,"href":"https:\/\/cemer-innovation.com\/fr\/wp-json\/wp\/v2\/pages\/2581\/revisions\/2584"}],"wp:attachment":[{"href":"https:\/\/cemer-innovation.com\/fr\/wp-json\/wp\/v2\/media?parent=2581"}],"curies":[{"name":"wp","href":"https:\/\/api.w.org\/{rel}","templated":true}]}}