{"id":1852,"date":"2024-08-19T09:59:00","date_gmt":"2024-08-19T09:59:00","guid":{"rendered":"https:\/\/cemer-innovation.com\/politica-de-privacitat\/"},"modified":"2024-12-09T09:22:55","modified_gmt":"2024-12-09T09:22:55","slug":"politica-de-privacidad","status":"publish","type":"page","link":"https:\/\/cemer-innovation.com\/es\/politica-de-privacidad\/","title":{"rendered":"Pol\u00edtica de privacidad"},"content":{"rendered":"<div class=\"wpb-content-wrapper\">[vc_row][vc_column]\t<style>.vcex_69ee8d9c64e4e{height:30px;}@media (max-width:1024px){.vcex_69ee8d9c64e4e{height:24px;}}@media (max-width:959px){.vcex_69ee8d9c64e4e{height:24px;}}@media (max-width:767px){.vcex_69ee8d9c64e4e{height:20px;}}@media (max-width:479px){.vcex_69ee8d9c64e4e{height:20px;}}<\/style>\n<div class=\"vcex-spacing wpex-w-100 wpex-clear vcex_69ee8d9c64e4e\"><\/div>[\/vc_column][\/vc_row][vc_row][vc_column][vc_column_text css=\u00bb\u00bb]\n<h1>Pol\u00edtica de privacidad<\/h1>\n[\/vc_column_text][\/vc_column][\/vc_row][vc_row][vc_column][vc_column_text css=\u00bb\u00bb font_size=\u00bb16&#8243;]\n<p>CEMER es una marca de COSGRA<\/p>\n<p>COSGRA, S.A. se compromete a proteger la privacidad de los usuarios que accedan a esta web y\/o cualquiera de sus servicios. La utilizaci\u00f3n de la web y\/o de cualquier de los servicios ofrecidos por COSGRA, S.A. implica la aceptaci\u00f3n por el usuario de las disposiciones contenidas en la presente Pol\u00edtica de Privacidad y que sus datos personales sean tratados seg\u00fan se estipula en ella. Por favor, tenga en cuenta que a pesar de que pueda haber enlaces de nuestra web a otras webs, esta Pol\u00edtica de Privacidad no se aplica en las webs de otras compa\u00f1\u00edas u organizaciones a las cuales la web est\u00e9 redirigida. COSGRA, S.A. no controla el contenido de las webs de terceros ni acepta cualquier responsabilidad por el contenido o las pol\u00edticas de privacidad de estas webs.<\/p>\n<p>Informaci\u00f3n sobre el tratamiento de datos (Reglamento (UE) 2016\/679 y LO 3\/2018)<\/p>\n<p style=\"padding-left: 40px;\">RESPONSABLE DEL TRATAMIENTO<br \/>\nCOSGRA, S.A.<br \/>\nNIF: A17108614<br \/>\nCtra. de Banyoles a Figueres, km 9 &#8211; APDO. 100-17832 Crespi\u00e0<br \/>\nEmail: cosgra@cosgra.com<\/p>\n<h3>FINALIDAD DEL TRATAMIENTO<\/h3>\n<p>Ofrecer y gestionar nuestros servicios de distribuci\u00f3n de motores el\u00e9ctricos y cierres mec\u00e1nicos.<\/p>\n<h3>LEGITIMACI\u00d3N<\/h3>\n<p>Consentimiento obtenido del interesado.<br \/>\nEjecuci\u00f3n del contrato de servicios.<\/p>\n<h3>DESTINATARIOS<\/h3>\n<p>Los datos no ser\u00e1n comunicados a terceros, salvo que lo exija la ley o que sea necesario para cumplir con el fin del tratamiento.<\/p>\n<h3>DERECHOS DE LAS PERSONAS<\/h3>\n<p>Los interesados tienen derecho a ejercer los derechos de acceso, rectificaci\u00f3n, limitaci\u00f3n de tratamiento, supresi\u00f3n, portabilidad y oposici\u00f3n, enviando su solicitud a nuestra direcci\u00f3n.<\/p>\n<h3>PLAZO DE CONSERVACI\u00d3N DE LOS DATOS<\/h3>\n<p>Mientras se mantenga la relaci\u00f3n comercial o durante los a\u00f1os necesarios para cumplir con las obligaciones legales.<\/p>\n<h3>RECLAMACI\u00d3N<\/h3>\n<p>Los interesados se pueden dirigir a la AEPD para presentar la reclamaci\u00f3n que considere oportuna.<\/p>\n<h3>INFORMACI\u00d3N ADICIONAL<\/h3>\n<p>Puede consultar la informaci\u00f3n adicional y detallada a continuaci\u00f3n a las \u00abCuestiones sobre privacidad\u00bb.<\/p>\n<h3>CUESTIONES SOBRE PRIVACIDAD<\/h3>\n<p>En cumplimiento del Reglamento (UE) 2016\/679 del Parlamento Europeo y del Consejo, de 27 de abril de 2016, (RGPD) y la Ley Org\u00e1nica 3\/2018, de 5 de diciembre, de Protecci\u00f3n de Datos Personales y garant\u00eda de los derechos digitales (LOPDGDD), le ofrecemos la siguiente informaci\u00f3n sobre el tratamiento de sus datos personales:<\/p>\n<h3>\u00bfQUI\u00c9N ES EL RESPONSABLE DEL TRATAMIENTO DE SUS DATOS?<\/h3>\n<p style=\"padding-left: 40px;\">Identidad: COSGRA, S.A.<br \/>\nNIF: A17108614<br \/>\nDirecci\u00f3n: Ctra. de Banyoles a Figueres, km 9 &#8211; APDO. 100-17832 Crespi\u00e0<br \/>\nTel.: 972597807<br \/>\nE-mail: cosgra@cosgra.com<\/p>\n<h3>CON QU\u00c9 FINALIDAD TRATAMOS SUS DATOS PERSONALES?<\/h3>\n<ul>\n<li>Tratamos la informaci\u00f3n que se nos facilita para gestionar nuestros servicios de distribuci\u00f3n de motores el\u00e9ctricos y cierres mec\u00e1nicos.<\/li>\n<li>En el supuesto de que se ponga en contacto con nosotros mediante el formulario de contacto de nuestra p\u00e1gina web, la trataremos para gestionar su consulta.<\/li>\n<li>Si nos da su consentimiento, tambi\u00e9n podremos tratar sus datos para enviarle informaci\u00f3n sobre nuestras actividades, productos o servicios.<\/li>\n<li>Al acceder a nuestras instalaciones su imagen puede ser grabada mediante c\u00e1maras de video vigilancia con fines de control de seguridad.<\/li>\n<li>Si nos env\u00eda un curr\u00edculum, trataremos los datos con el fin de gestionar la base de CV&#8217;s para la selecci\u00f3n de personal.<\/li>\n<\/ul>\n<h3>\u00bfPOR CU\u00c1NTO DE TIEMPO CONSERVAREMOS SUS DATOS?<\/h3>\n<ul>\n<li>Los datos personales proporcionados se conservar\u00e1n mientras sea usuario de nuestros servicios o mientras quiera recibir informaci\u00f3n, dado que puede oponerse al tratamiento de sus datos con fines promocionales en cualquier momento, y despu\u00e9s, durante los plazos establecidos para cumplir con nuestras obligaciones legales, que en el caso de documentaci\u00f3n contable y fiscal a efectos mercantiles ser\u00e1n 6 a\u00f1os, de conformidad con el Art. 30 del C\u00f3digo Comercio, y a los efectos fiscales ser\u00e1n 4 a\u00f1os, de acuerdo con los art\u00edculos 66 a 70 de la Ley General Tributaria.<\/li>\n<li>Las im\u00e1genes captadas por el sistema de video vigilancia se conservar\u00e1n durante un mes.<\/li>\n<li>En el caso de los curr\u00edculums, los datos se conservar\u00e1n durante un a\u00f1o.<\/li>\n<\/ul>\n<h3>\u00bfCU\u00c1L ES LA LEGITIMACI\u00d3N PARA EL TRATAMIENTO DE SUS DATOS?<\/h3>\n<p>La legitimaci\u00f3n para tratarlas se encuentra en la ejecuci\u00f3n del contrato de servicios y en los consentimientos que nos da.<br \/>\nRespecto a aquella informaci\u00f3n que sea remitida por menores de 16 a\u00f1os, ser\u00e1 requisito imprescindible que se haga con el consentimiento paterno, del tutor o del legal representante del menor para que los datos personales puedan ser objeto de tratamiento. Si no es as\u00ed, el representante legal del menor nos lo tiene que comunicar tan pronto como tenga conocimiento.<\/p>\n<p>En cuanto a la captaci\u00f3n de im\u00e1genes por el sistema de video vigilancia, la legitimaci\u00f3n es definida por el inter\u00e9s leg\u00edtimo de preservar la seguridad de las personas y bienes.<\/p>\n<h3>A QU\u00c9 DESTINATARIOS SE COMUNICAR\u00c1N SUS DATOS?<\/h3>\n<p>Los datos no ser\u00e1n comunicadas a terceros, salvo que lo exija una ley o sea necesario para cumplir con el fin del tratamiento.<\/p>\n<h3>\u00bfCU\u00c1LES SON SUS DERECHOS CUANDO NOS FACILITA SUS DATOS?<\/h3>\n<ul>\n<li>Cualquier persona tiene derecho a obtener confirmaci\u00f3n sobre si estamos tratando o no sus datos personales.<\/li>\n<li>Las personas interesadas tienen derecho a acceder a sus datos personales, as\u00ed como a solicitar la rectificaci\u00f3n de los datos inexactos o, si procede, solicitar su supresi\u00f3n cuando, entre otros motivos, los datos ya no sean necesarios para las finalidades para las que se recogieron.<\/li>\n<li>En determinadas circunstancias los interesados podr\u00e1n solicitar la limitaci\u00f3n del tratamiento de sus datos, en este caso \u00fanicamente los conservaremos para el ejercicio o la defensa de reclamaciones.<\/li>\n<li>Tambi\u00e9n, en determinadas circunstancias y por motivos relacionados con su situaci\u00f3n particular, los interesados se pueden oponer al tratamiento de sus datos. En este caso dejaremos de tratarlos, excepto por motivos leg\u00edtimos imperiosos o para el ejercicio o la defensa de posibles reclamaciones.<\/li>\n<li>Los interesados tambi\u00e9n tienen derecho a la portabilidad de sus datos.<\/li>\n<li>Cualquier interesado tiene derecho a no ser objeto de una decisi\u00f3n basada \u00fanicamente en el tratamiento automatizado, incluida la elaboraci\u00f3n de perfiles, que produzca efectos jur\u00eddicos que lo afecten o que lo afecten significativamente de manera similar.<\/li>\n<li>Finalmente, los interesados tienen derecho a presentar una reclamaci\u00f3n ante la Autoridad de Control competente.<\/li>\n<\/ul>\n<h3>\u00bfC\u00d3MO PUEDE EJERCER SUS DERECHOS?<\/h3>\n<p>Envi\u00e1ndonos un escrito adjuntando una copia de un documento que lo identifique, a nuestra direcci\u00f3n f\u00edsica o a la electr\u00f3nica.<\/p>\n<h3>\u00bfC\u00d3MO HEMOS OBTENIDO SUS DATOS?<\/h3>\n<p>Los datos personales que tratamos proceden del propio interesado, quien garantiza que los datos personales facilitados son ciertos y se hace responsable de comunicar cualquier modificaci\u00f3n. Los datos que est\u00e9n marcados con un asterisco son obligatorios para poder darle el servicio solicitado.<\/p>\n<h3>\u00bfQU\u00c9 DATOS TRATAMOS?<\/h3>\n<p>Las categor\u00edas de datos que podemos tratar son:<\/p>\n<ul>\n<li>Datos de car\u00e1cter identificativo<\/li>\n<li>Direcciones postales o electr\u00f3nicas<\/li>\n<\/ul>\n<p>En el caso del sistema de video vigilancia:<\/p>\n<ul>\n<li>Imagen<\/li>\n<\/ul>\n<p>En el caso de los curr\u00edculums, tambi\u00e9n:<\/p>\n<ul>\n<li>Caracter\u00edsticas personales<\/li>\n<li>Acad\u00e9micas y profesional<\/li>\n<\/ul>\n<p>Los datos son limitados, dado que \u00fanicamente tratamos los datos necesarios para la prestaci\u00f3n de nuestros servicios y la gesti\u00f3n de nuestra actividad.<\/p>\n<h3>\u00bfUTILIZAMOS COOKIES?<\/h3>\n<p>Utilizamos cookies durante la navegaci\u00f3n en nuestra web con el consentimiento del usuario.<br \/>\nEl usuario puede configurar su navegador para que le avise de la utilizaci\u00f3n de cookies y para evitar su uso. Por favor, visite nuestra Pol\u00edtica de cookies.<\/p>\n<h3>\u00bfQU\u00c9 MEDIDAS DE SEGURIDAD APLICAMOS?<\/h3>\n<p>Aplicamos las medidas de seguridad establecidas en el art\u00edculo 32 del RGPD; por lo tanto, hemos adoptado las medidas de seguridad necesarias para garantizar un nivel de seguridad adecuado al riesgo del tratamiento de datos que realizamos, con mecanismos que nos permiten garantizar la confidencialidad, integridad, disponibilidad y resiliencia permanente de los sistemas y servicios de tratamiento.<\/p>\n<p>Algunas de estas medidas son:<\/p>\n<ul>\n<li>Informaci\u00f3n de las pol\u00edticas de tratamiento de datos al personal. Realizaci\u00f3n de copias de seguridad peri\u00f3dicas.<\/li>\n<li>Control de acceso a los datos.<\/li>\n<li>Procesos de verificaci\u00f3n, evaluaci\u00f3n y valoraci\u00f3n regulares.<\/li>\n<\/ul>\n[\/vc_column_text]\t<style>.vcex_69ee8d9c67dfa{height:30px;}@media (max-width:1024px){.vcex_69ee8d9c67dfa{height:20px;}}@media (max-width:959px){.vcex_69ee8d9c67dfa{height:20px;}}@media (max-width:767px){.vcex_69ee8d9c67dfa{height:10px;}}@media (max-width:479px){.vcex_69ee8d9c67dfa{height:10px;}}<\/style>\n<div class=\"vcex-spacing wpex-w-100 wpex-clear vcex_69ee8d9c67dfa\"><\/div>[\/vc_column][\/vc_row]\n<\/div>","protected":false},"excerpt":{"rendered":"<p>[vc_row][vc_column][\/vc_column][\/vc_row][vc_row][vc_column][vc_column_text css=\u00bb\u00bb] Pol\u00edtica de privacidad [\/vc_column_text][\/vc_column][\/vc_row][vc_row][vc_column][vc_column_text css=\u00bb\u00bb font_size=\u00bb16&#8243;] CEMER es una marca de COSGRA COSGRA, S.A. se compromete a proteger la privacidad de los usuarios que accedan a esta web y\/o cualquiera de sus servicios. La utilizaci\u00f3n de la web y\/o de cualquier de los servicios ofrecidos por COSGRA, S.A. implica la aceptaci\u00f3n por el&hellip;<\/p>\n","protected":false},"author":1,"featured_media":0,"parent":0,"menu_order":0,"comment_status":"closed","ping_status":"closed","template":"","meta":{"footnotes":""},"class_list":["post-1852","page","type-page","status-publish","hentry","entry","no-media"],"yoast_head":"<!-- This site is optimized with the Yoast SEO plugin v24.6 - https:\/\/yoast.com\/wordpress\/plugins\/seo\/ -->\n<title>Pol\u00edtica de privacidad - Cemer Innovation<\/title>\n<meta name=\"robots\" content=\"noindex, follow\" \/>\n<meta property=\"og:locale\" content=\"es_ES\" \/>\n<meta property=\"og:type\" content=\"article\" \/>\n<meta property=\"og:title\" content=\"Pol\u00edtica de privacidad - Cemer Innovation\" \/>\n<meta property=\"og:description\" content=\"[vc_row][vc_column][\/vc_column][\/vc_row][vc_row][vc_column][vc_column_text css=\u00bb\u00bb] Pol\u00edtica de privacidad [\/vc_column_text][\/vc_column][\/vc_row][vc_row][vc_column][vc_column_text css=\u00bb\u00bb font_size=\u00bb16&#8243;] CEMER es una marca de COSGRA COSGRA, S.A. se compromete a proteger la privacidad de los usuarios que accedan a esta web y\/o cualquiera de sus servicios. La utilizaci\u00f3n de la web y\/o de cualquier de los servicios ofrecidos por COSGRA, S.A. implica la aceptaci\u00f3n por el&hellip;\" \/>\n<meta property=\"og:url\" content=\"https:\/\/cemer-innovation.com\/es\/politica-de-privacidad\/\" \/>\n<meta property=\"og:site_name\" content=\"Cemer Innovation\" \/>\n<meta property=\"article:modified_time\" content=\"2024-12-09T09:22:55+00:00\" \/>\n<meta property=\"og:image\" content=\"https:\/\/cemer-innovation.com\/wp-content\/uploads\/2024\/11\/cemer-innovation-seo.jpg\" \/>\n\t<meta property=\"og:image:width\" content=\"1200\" \/>\n\t<meta property=\"og:image:height\" content=\"675\" \/>\n\t<meta property=\"og:image:type\" content=\"image\/jpeg\" \/>\n<meta name=\"twitter:card\" content=\"summary_large_image\" \/>\n<meta name=\"twitter:label1\" content=\"Tiempo de lectura\" \/>\n\t<meta name=\"twitter:data1\" content=\"7 minutos\" \/>\n<script type=\"application\/ld+json\" class=\"yoast-schema-graph\">{\"@context\":\"https:\/\/schema.org\",\"@graph\":[{\"@type\":\"WebPage\",\"@id\":\"https:\/\/cemer-innovation.com\/es\/politica-de-privacidad\/\",\"url\":\"https:\/\/cemer-innovation.com\/es\/politica-de-privacidad\/\",\"name\":\"Pol\u00edtica de privacidad - Cemer Innovation\",\"isPartOf\":{\"@id\":\"https:\/\/cemer-innovation.com\/es\/#website\"},\"datePublished\":\"2024-08-19T09:59:00+00:00\",\"dateModified\":\"2024-12-09T09:22:55+00:00\",\"breadcrumb\":{\"@id\":\"https:\/\/cemer-innovation.com\/es\/politica-de-privacidad\/#breadcrumb\"},\"inLanguage\":\"es\",\"potentialAction\":[{\"@type\":\"ReadAction\",\"target\":[\"https:\/\/cemer-innovation.com\/es\/politica-de-privacidad\/\"]}]},{\"@type\":\"BreadcrumbList\",\"@id\":\"https:\/\/cemer-innovation.com\/es\/politica-de-privacidad\/#breadcrumb\",\"itemListElement\":[{\"@type\":\"ListItem\",\"position\":1,\"name\":\"Inici\",\"item\":\"https:\/\/cemer-innovation.com\/es\/\"},{\"@type\":\"ListItem\",\"position\":2,\"name\":\"Pol\u00edtica de privacidad\"}]},{\"@type\":\"WebSite\",\"@id\":\"https:\/\/cemer-innovation.com\/es\/#website\",\"url\":\"https:\/\/cemer-innovation.com\/es\/\",\"name\":\"Cemer Innovation\",\"description\":\"Motores el\u00e9ctricos y cierres mec\u00e1nicos\",\"publisher\":{\"@id\":\"https:\/\/cemer-innovation.com\/es\/#organization\"},\"alternateName\":\"CEMER\",\"potentialAction\":[{\"@type\":\"SearchAction\",\"target\":{\"@type\":\"EntryPoint\",\"urlTemplate\":\"https:\/\/cemer-innovation.com\/es\/?s={search_term_string}\"},\"query-input\":{\"@type\":\"PropertyValueSpecification\",\"valueRequired\":true,\"valueName\":\"search_term_string\"}}],\"inLanguage\":\"es\"},{\"@type\":\"Organization\",\"@id\":\"https:\/\/cemer-innovation.com\/es\/#organization\",\"name\":\"Cemer Innovation\",\"alternateName\":\"Cemer\",\"url\":\"https:\/\/cemer-innovation.com\/es\/\",\"logo\":{\"@type\":\"ImageObject\",\"inLanguage\":\"es\",\"@id\":\"https:\/\/cemer-innovation.com\/es\/#\/schema\/logo\/image\/\",\"url\":\"https:\/\/cemer-innovation.com\/wp-content\/uploads\/2024\/10\/logo-CEMER-400.png\",\"contentUrl\":\"https:\/\/cemer-innovation.com\/wp-content\/uploads\/2024\/10\/logo-CEMER-400.png\",\"width\":400,\"height\":94,\"caption\":\"Cemer Innovation\"},\"image\":{\"@id\":\"https:\/\/cemer-innovation.com\/es\/#\/schema\/logo\/image\/\"},\"sameAs\":[\"https:\/\/www.linkedin.com\/company\/cosgra-s-a-motion-sealing\/\",\"https:\/\/www.instagram.com\/cosgra_motores_sellos\/\"]}]}<\/script>\n<!-- \/ Yoast SEO plugin. -->","yoast_head_json":{"title":"Pol\u00edtica de privacidad - Cemer Innovation","robots":{"index":"noindex","follow":"follow"},"og_locale":"es_ES","og_type":"article","og_title":"Pol\u00edtica de privacidad - Cemer Innovation","og_description":"[vc_row][vc_column][\/vc_column][\/vc_row][vc_row][vc_column][vc_column_text css=\u00bb\u00bb] Pol\u00edtica de privacidad [\/vc_column_text][\/vc_column][\/vc_row][vc_row][vc_column][vc_column_text css=\u00bb\u00bb font_size=\u00bb16&#8243;] CEMER es una marca de COSGRA COSGRA, S.A. se compromete a proteger la privacidad de los usuarios que accedan a esta web y\/o cualquiera de sus servicios. La utilizaci\u00f3n de la web y\/o de cualquier de los servicios ofrecidos por COSGRA, S.A. implica la aceptaci\u00f3n por el&hellip;","og_url":"https:\/\/cemer-innovation.com\/es\/politica-de-privacidad\/","og_site_name":"Cemer Innovation","article_modified_time":"2024-12-09T09:22:55+00:00","og_image":[{"width":1200,"height":675,"url":"https:\/\/cemer-innovation.com\/wp-content\/uploads\/2024\/11\/cemer-innovation-seo.jpg","type":"image\/jpeg"}],"twitter_card":"summary_large_image","twitter_misc":{"Tiempo de lectura":"7 minutos"},"schema":{"@context":"https:\/\/schema.org","@graph":[{"@type":"WebPage","@id":"https:\/\/cemer-innovation.com\/es\/politica-de-privacidad\/","url":"https:\/\/cemer-innovation.com\/es\/politica-de-privacidad\/","name":"Pol\u00edtica de privacidad - Cemer Innovation","isPartOf":{"@id":"https:\/\/cemer-innovation.com\/es\/#website"},"datePublished":"2024-08-19T09:59:00+00:00","dateModified":"2024-12-09T09:22:55+00:00","breadcrumb":{"@id":"https:\/\/cemer-innovation.com\/es\/politica-de-privacidad\/#breadcrumb"},"inLanguage":"es","potentialAction":[{"@type":"ReadAction","target":["https:\/\/cemer-innovation.com\/es\/politica-de-privacidad\/"]}]},{"@type":"BreadcrumbList","@id":"https:\/\/cemer-innovation.com\/es\/politica-de-privacidad\/#breadcrumb","itemListElement":[{"@type":"ListItem","position":1,"name":"Inici","item":"https:\/\/cemer-innovation.com\/es\/"},{"@type":"ListItem","position":2,"name":"Pol\u00edtica de privacidad"}]},{"@type":"WebSite","@id":"https:\/\/cemer-innovation.com\/es\/#website","url":"https:\/\/cemer-innovation.com\/es\/","name":"Cemer Innovation","description":"Motores el\u00e9ctricos y cierres mec\u00e1nicos","publisher":{"@id":"https:\/\/cemer-innovation.com\/es\/#organization"},"alternateName":"CEMER","potentialAction":[{"@type":"SearchAction","target":{"@type":"EntryPoint","urlTemplate":"https:\/\/cemer-innovation.com\/es\/?s={search_term_string}"},"query-input":{"@type":"PropertyValueSpecification","valueRequired":true,"valueName":"search_term_string"}}],"inLanguage":"es"},{"@type":"Organization","@id":"https:\/\/cemer-innovation.com\/es\/#organization","name":"Cemer Innovation","alternateName":"Cemer","url":"https:\/\/cemer-innovation.com\/es\/","logo":{"@type":"ImageObject","inLanguage":"es","@id":"https:\/\/cemer-innovation.com\/es\/#\/schema\/logo\/image\/","url":"https:\/\/cemer-innovation.com\/wp-content\/uploads\/2024\/10\/logo-CEMER-400.png","contentUrl":"https:\/\/cemer-innovation.com\/wp-content\/uploads\/2024\/10\/logo-CEMER-400.png","width":400,"height":94,"caption":"Cemer Innovation"},"image":{"@id":"https:\/\/cemer-innovation.com\/es\/#\/schema\/logo\/image\/"},"sameAs":["https:\/\/www.linkedin.com\/company\/cosgra-s-a-motion-sealing\/","https:\/\/www.instagram.com\/cosgra_motores_sellos\/"]}]}},"_links":{"self":[{"href":"https:\/\/cemer-innovation.com\/es\/wp-json\/wp\/v2\/pages\/1852"}],"collection":[{"href":"https:\/\/cemer-innovation.com\/es\/wp-json\/wp\/v2\/pages"}],"about":[{"href":"https:\/\/cemer-innovation.com\/es\/wp-json\/wp\/v2\/types\/page"}],"author":[{"embeddable":true,"href":"https:\/\/cemer-innovation.com\/es\/wp-json\/wp\/v2\/users\/1"}],"replies":[{"embeddable":true,"href":"https:\/\/cemer-innovation.com\/es\/wp-json\/wp\/v2\/comments?post=1852"}],"version-history":[{"count":5,"href":"https:\/\/cemer-innovation.com\/es\/wp-json\/wp\/v2\/pages\/1852\/revisions"}],"predecessor-version":[{"id":2673,"href":"https:\/\/cemer-innovation.com\/es\/wp-json\/wp\/v2\/pages\/1852\/revisions\/2673"}],"wp:attachment":[{"href":"https:\/\/cemer-innovation.com\/es\/wp-json\/wp\/v2\/media?parent=1852"}],"curies":[{"name":"wp","href":"https:\/\/api.w.org\/{rel}","templated":true}]}}