{"id":1845,"date":"2024-08-19T09:59:21","date_gmt":"2024-08-19T09:59:21","guid":{"rendered":"https:\/\/cemer-innovation.com\/politica-de-cookies\/"},"modified":"2024-12-09T09:19:59","modified_gmt":"2024-12-09T09:19:59","slug":"politica-de-cookies","status":"publish","type":"page","link":"https:\/\/cemer-innovation.com\/es\/politica-de-cookies\/","title":{"rendered":"Pol\u00edtica de cookies"},"content":{"rendered":"<div class=\"wpb-content-wrapper\">[vc_row][vc_column]\t<style>.vcex_69ee53cb44477{height:30px;}@media (max-width:1024px){.vcex_69ee53cb44477{height:24px;}}@media (max-width:959px){.vcex_69ee53cb44477{height:24px;}}@media (max-width:767px){.vcex_69ee53cb44477{height:20px;}}@media (max-width:479px){.vcex_69ee53cb44477{height:20px;}}<\/style>\n<div class=\"vcex-spacing wpex-w-100 wpex-clear vcex_69ee53cb44477\"><\/div>[\/vc_column][\/vc_row][vc_row][vc_column][vc_column_text css=\u00bb\u00bb]\n<h1>Pol\u00edtica de cookies<\/h1>\n[\/vc_column_text][\/vc_column][\/vc_row][vc_row][vc_column][vc_column_text css=\u00bb\u00bb font_size=\u00bb16&#8243;]\n<p>Nuestro sitio web utiliza una tecnolog\u00eda llamada \u00abcookie\u00bb, con el fin de poder obtener informaci\u00f3n sobre el uso del sitio web, mejorar la experiencia del usuario y garantizar su correcto funcionamiento.<\/p>\n<h3>DEFINICI\u00d3N DE COOKIE<\/h3>\n<p>Una \u00abcookie\u00bb es un peque\u00f1o fragmento de texto que los sitios web env\u00edan al navegador y que se almacenan en el terminal del usuario, (ordenador o dispositivo m\u00f3vil). Estos archivos tienen la finalidad de almacenar datos que podr\u00e1n ser actualizados y recuperados por la entidad responsable de su instalaci\u00f3n. As\u00ed, cada vez que el usuario vuelve a visitar el mismo sitio web, el explorador recupera el archivo y lo env\u00eda al servidor del sitio web. Las cookies tienen varias funciones entre las cuales se incluyen, la de recoger informaci\u00f3n sobre las preferencias del usuario y recordarla, y en general, facilitar el uso del sitio web al usuario haciendo que el lugar sea m\u00e1s \u00fatil al personalizar su contenido.<\/p>\n<p>Las cookies se pueden clasificar en base a diferentes par\u00e1metros:<\/p>\n<ol>\n<li><strong>Titularidad:<\/strong> cookies propias y cookies de terceros: dependiendo de cu\u00e1l sea la entidad que gestione el dominio desde donde se env\u00edan las cookies y se traten los datos que se obtengan.<\/li>\n<li><strong>Duraci\u00f3n:<\/strong> cookies de sesi\u00f3n y cookies persistentes: de acuerdo con el plazo de tiempo que permanecen almacenadas en el terminal del usuario.<\/li>\n<li><strong>Finalidad:<\/strong> cookies t\u00e9cnicas, cookies de personalizaci\u00f3n, cookies de an\u00e1lisis, cookies publicitarias, cookies de publicidad comportamental: de acuerdo con la finalidad para la cual se traten los datos obtenidos.<\/li>\n<\/ol>\n<p><strong>Cookies t\u00e9cnicas:<\/strong> Son aquellas que permiten al usuario la navegaci\u00f3n a trav\u00e9s de la p\u00e1gina web o aplicaci\u00f3n y la utilizaci\u00f3n de las diferentes opciones o servicios que en ella existen. Por ejemplo, controlar el tr\u00e1fico y la comunicaci\u00f3n de datos, identificar la sesi\u00f3n o acceder a las partes web de acceso restringido.<\/p>\n<p><strong>Cookies de personalizaci\u00f3n:<\/strong> Son aquellas que permiten al usuario acceder al servicio con algunas caracter\u00edsticas de car\u00e1cter general predefinidas en su terminal o que el propio usuario defina. Por ejemplo, el idioma, el tipo de navegador a trav\u00e9s del cual accede al servicio o el dise\u00f1o de contenidos seleccionado.<\/p>\n<p><strong>Cookies de an\u00e1lisis:<\/strong> Son aquellas que o bien tratadas por nosotros o por terceros, nos permiten cuantificar el n\u00famero de usuarios y as\u00ed elaborar el an\u00e1lisis estad\u00edstico de la utilizaci\u00f3n que hacen los usuarios del servicio ofrecido. Por eso se analiza su navegaci\u00f3n en nuestra p\u00e1gina web para mejorar la oferta de productos o servicios que le ofrecemos.<\/p>\n<p><strong>Cookies publicitarias:<\/strong> Son aquellas que permiten la gesti\u00f3n, de la forma m\u00e1s eficaz posible, de los espacios publicitarios que, si procede, el editor haya incluido en una p\u00e1gina web, aplicaci\u00f3n o plataforma desde la cual presta el servicio solicitado en base a criterios, como el contenido editado o la frecuencia en la cual se muestran los anuncios.<\/p>\n<p><strong>Cookies de publicidad comportamental:<\/strong> Son aquellas que permiten la gesti\u00f3n, de la manera m\u00e1s eficaz posible, de los espacios publicitarios que, si procede, el editor haya incluido en una p\u00e1gina web, aplicaci\u00f3n o plataforma desde la que presta el servicio solicitado. Estas cookies almacenan informaci\u00f3n del comportamiento de los usuarios obtenida a trav\u00e9s de la observaci\u00f3n continuada de sus h\u00e1bitos de navegaci\u00f3n, el que permite desarrollar un perfil espec\u00edfico para mostrar publicidad en funci\u00f3n del mismo.<\/p>\n<h3>COOKIES UTILIZADAS EN NUESTRO SITIO WEB<\/h3>\n<p>Nuestro sitio web utiliza tanto cookies propias, que son las enviadas a su ordenador y gestionadas exclusivamente por nosotros para el mejor funcionamiento del sitio web, como cookies de terceros, con la funci\u00f3n de servir para la interacci\u00f3n de los usuarios con nosotros.<\/p>\n<p>Nuestro sitio web usa tanto cookies temporales de sesi\u00f3n como cookies persistentes. Las cookies de sesi\u00f3n almacenan datos \u00fanicamente mientras el usuario accede en la web y las cookies persistentes almacenan los datos en el terminal para que sean accedidas y utilizadas en m\u00e1s de una sesi\u00f3n.<\/p>\n<p>Concretamente, las cookies utilizadas en nuestro sitio web son:<\/p>\n<h3>COOKIES PROPIAS<\/h3>\n<p>Las cookies propias que usamos en nuestro sitio web son de car\u00e1cter t\u00e9cnico referentes a la programaci\u00f3n y la seguridad de la navegaci\u00f3n, fundamentales para el funcionamiento del web, y tambi\u00e9n de personalizaci\u00f3n para recordar la elecci\u00f3n del idioma de navegaci\u00f3n.<\/p>\n<h3>COOKIES DE TERCEROS<\/h3>\n[\/vc_column_text]<div class=\"vcex-spacing wpex-w-100 wpex-clear\" style=\"height:20px;\"><\/div><figure class=\"vcex-image vcex-module textcenter\"><div class=\"vcex-image-inner wpex-relative wpex-inline-block\"><a href=\"https:\/\/cemer-innovation.com\/wp-content\/uploads\/2024\/10\/cookies-terceros-ES.png\" class=\"wpex-lightbox\"><img width=\"2176\" height=\"1034\" src=\"https:\/\/cemer-innovation.com\/wp-content\/uploads\/2024\/10\/cookies-terceros-ES.png\" class=\"vcex-image-img wpex-align-middle\" alt=\"\" loading=\"lazy\" decoding=\"async\" srcset=\"https:\/\/cemer-innovation.com\/wp-content\/uploads\/2024\/10\/cookies-terceros-ES.png 2176w, https:\/\/cemer-innovation.com\/wp-content\/uploads\/2024\/10\/cookies-terceros-ES-300x143.png 300w, https:\/\/cemer-innovation.com\/wp-content\/uploads\/2024\/10\/cookies-terceros-ES-1024x487.png 1024w, https:\/\/cemer-innovation.com\/wp-content\/uploads\/2024\/10\/cookies-terceros-ES-768x365.png 768w, https:\/\/cemer-innovation.com\/wp-content\/uploads\/2024\/10\/cookies-terceros-ES-1536x730.png 1536w, https:\/\/cemer-innovation.com\/wp-content\/uploads\/2024\/10\/cookies-terceros-ES-2048x973.png 2048w\" sizes=\"(max-width: 2176px) 100vw, 2176px\" \/><\/a><\/div><\/figure>[\/vc_column][\/vc_row][vc_row][vc_column][vc_column_text css=\u00bb\u00bb font_size=\u00bb16&#8243;]\n<p>Finalmente, tambi\u00e9n se utilizan cookies de complemento (plug-in) para intercambiar contenidos sociales.<\/p>\n<h3>CONSENTIMIENTO<\/h3>\n<p>El consentimiento para el uso de las cookies antes enunciadas, por los plazos se\u00f1alados y en las condiciones contenidas en la presente Pol\u00edtica de cookies, se obtendr\u00e1 con la aceptaci\u00f3n del aviso inicial de informaci\u00f3n sobre las cookies que se visualiza en el momento en que carga nuestra web.<\/p>\n<h3>RETIRADA DEL CONSENTIMIENTO<\/h3>\n<p>El usuario podr\u00e1 retirar en cualquier momento su consentimiento relacionado con esta Pol\u00edtica de cookies, por ello tendr\u00e1 que eliminar las cookies almacenadas en su equipo utilizando los ajustes y configuraciones de su navegador de Internet.<\/p>\n<h3>TABLERO DE CONFIGURACI\u00d3N DE LAS COOKIES<\/h3>\n<p>\u00bfC\u00f3mo desactivar las cookies en los principales navegadores?<\/p>\n<p>A pesar de que puede variar ligeramente de una versi\u00f3n de navegador a otra, la configuraci\u00f3n de la pol\u00edtica de cookies para los navegadores m\u00e1s utilizados es la siguiente:<\/p>\n<ul>\n<li><strong>Internet Explorer:<\/strong> Herramientas -&gt; Opciones de Internet -&gt; Privacidad -&gt; Configuraci\u00f3n.<\/li>\n<li><strong>Firefox:<\/strong> Herramientas -&gt; Opciones -&gt; Privacidad -&gt; Hist\u00f3rico -&gt; Configuraci\u00f3n Personalizada.<\/li>\n<li><strong>Chrome:<\/strong> Configuraci\u00f3n -&gt; Muestra opciones avanzadas -&gt; Privacidad -&gt; Configuraci\u00f3n de contenido.<\/li>\n<li><strong>Safari:<\/strong> Preferencias -&gt; Seguridad.<\/li>\n<li><strong>Opera:<\/strong> Configuraci\u00f3n -&gt; Privacidad y seguridad.<\/li>\n<\/ul>\n<p>Para mayor informaci\u00f3n, puede consultar el apoyo o la ayuda de su navegador o a trav\u00e9s de los siguientes enlaces: Safari, Chrome, Firefox, Explorer, Opera.<\/p>\n<p>Adem\u00e1s, tambi\u00e9n puede gestionar el almacenamiento de cookies en su navegador a trav\u00e9s de herramientas como las siguientes:<\/p>\n<ul>\n<li>Your online choices<\/li>\n<li>Ghostery<\/li>\n<\/ul>\n<h3>ACTUALIZACI\u00d3N DE LA POL\u00cdTICA DE COOKIES<\/h3>\n<p>Este sitio web puede modificar esta Pol\u00edtica sobre cookies, por eso le recomendamos revisar esta pol\u00edtica cada vez que acceda a nuestro sitio web para estar adecuadamente informado sobre el uso que hacemos de las cookies.<\/p>\n[\/vc_column_text]\t<style>.vcex_69ee53cb46f94{height:30px;}@media (max-width:1024px){.vcex_69ee53cb46f94{height:20px;}}@media (max-width:959px){.vcex_69ee53cb46f94{height:20px;}}@media (max-width:767px){.vcex_69ee53cb46f94{height:10px;}}@media (max-width:479px){.vcex_69ee53cb46f94{height:10px;}}<\/style>\n<div class=\"vcex-spacing wpex-w-100 wpex-clear vcex_69ee53cb46f94\"><\/div>[\/vc_column][\/vc_row]\n<\/div>","protected":false},"excerpt":{"rendered":"<p>[vc_row][vc_column][\/vc_column][\/vc_row][vc_row][vc_column][vc_column_text css=\u00bb\u00bb] Pol\u00edtica de cookies [\/vc_column_text][\/vc_column][\/vc_row][vc_row][vc_column][vc_column_text css=\u00bb\u00bb font_size=\u00bb16&#8243;] Nuestro sitio web utiliza una tecnolog\u00eda llamada \u00abcookie\u00bb, con el fin de poder obtener informaci\u00f3n sobre el uso del sitio web, mejorar la experiencia del usuario y garantizar su correcto funcionamiento. DEFINICI\u00d3N DE COOKIE Una \u00abcookie\u00bb es un peque\u00f1o fragmento de texto que los sitios web env\u00edan&hellip;<\/p>\n","protected":false},"author":1,"featured_media":0,"parent":0,"menu_order":0,"comment_status":"closed","ping_status":"closed","template":"","meta":{"footnotes":""},"class_list":["post-1845","page","type-page","status-publish","hentry","entry","no-media"],"yoast_head":"<!-- This site is optimized with the Yoast SEO plugin v24.6 - https:\/\/yoast.com\/wordpress\/plugins\/seo\/ -->\n<title>Pol\u00edtica de cookies - Cemer Innovation<\/title>\n<meta name=\"robots\" content=\"noindex, follow\" \/>\n<meta property=\"og:locale\" content=\"es_ES\" \/>\n<meta property=\"og:type\" content=\"article\" \/>\n<meta property=\"og:title\" content=\"Pol\u00edtica de cookies - Cemer Innovation\" \/>\n<meta property=\"og:description\" content=\"[vc_row][vc_column][\/vc_column][\/vc_row][vc_row][vc_column][vc_column_text css=\u00bb\u00bb] Pol\u00edtica de cookies [\/vc_column_text][\/vc_column][\/vc_row][vc_row][vc_column][vc_column_text css=\u00bb\u00bb font_size=\u00bb16&#8243;] Nuestro sitio web utiliza una tecnolog\u00eda llamada \u00abcookie\u00bb, con el fin de poder obtener informaci\u00f3n sobre el uso del sitio web, mejorar la experiencia del usuario y garantizar su correcto funcionamiento. DEFINICI\u00d3N DE COOKIE Una \u00abcookie\u00bb es un peque\u00f1o fragmento de texto que los sitios web env\u00edan&hellip;\" \/>\n<meta property=\"og:url\" content=\"https:\/\/cemer-innovation.com\/es\/politica-de-cookies\/\" \/>\n<meta property=\"og:site_name\" content=\"Cemer Innovation\" \/>\n<meta property=\"article:modified_time\" content=\"2024-12-09T09:19:59+00:00\" \/>\n<meta property=\"og:image\" content=\"https:\/\/cemer-innovation.com\/wp-content\/uploads\/2024\/11\/cemer-innovation-seo.jpg\" \/>\n\t<meta property=\"og:image:width\" content=\"1200\" \/>\n\t<meta property=\"og:image:height\" content=\"675\" \/>\n\t<meta property=\"og:image:type\" content=\"image\/jpeg\" \/>\n<meta name=\"twitter:card\" content=\"summary_large_image\" \/>\n<meta name=\"twitter:label1\" content=\"Tiempo de lectura\" \/>\n\t<meta name=\"twitter:data1\" content=\"6 minutos\" \/>\n<script type=\"application\/ld+json\" class=\"yoast-schema-graph\">{\"@context\":\"https:\/\/schema.org\",\"@graph\":[{\"@type\":\"WebPage\",\"@id\":\"https:\/\/cemer-innovation.com\/es\/politica-de-cookies\/\",\"url\":\"https:\/\/cemer-innovation.com\/es\/politica-de-cookies\/\",\"name\":\"Pol\u00edtica de cookies - Cemer Innovation\",\"isPartOf\":{\"@id\":\"https:\/\/cemer-innovation.com\/es\/#website\"},\"datePublished\":\"2024-08-19T09:59:21+00:00\",\"dateModified\":\"2024-12-09T09:19:59+00:00\",\"breadcrumb\":{\"@id\":\"https:\/\/cemer-innovation.com\/es\/politica-de-cookies\/#breadcrumb\"},\"inLanguage\":\"es\",\"potentialAction\":[{\"@type\":\"ReadAction\",\"target\":[\"https:\/\/cemer-innovation.com\/es\/politica-de-cookies\/\"]}]},{\"@type\":\"BreadcrumbList\",\"@id\":\"https:\/\/cemer-innovation.com\/es\/politica-de-cookies\/#breadcrumb\",\"itemListElement\":[{\"@type\":\"ListItem\",\"position\":1,\"name\":\"Inici\",\"item\":\"https:\/\/cemer-innovation.com\/es\/\"},{\"@type\":\"ListItem\",\"position\":2,\"name\":\"Pol\u00edtica de cookies\"}]},{\"@type\":\"WebSite\",\"@id\":\"https:\/\/cemer-innovation.com\/es\/#website\",\"url\":\"https:\/\/cemer-innovation.com\/es\/\",\"name\":\"Cemer Innovation\",\"description\":\"Motores el\u00e9ctricos y cierres mec\u00e1nicos\",\"publisher\":{\"@id\":\"https:\/\/cemer-innovation.com\/es\/#organization\"},\"alternateName\":\"CEMER\",\"potentialAction\":[{\"@type\":\"SearchAction\",\"target\":{\"@type\":\"EntryPoint\",\"urlTemplate\":\"https:\/\/cemer-innovation.com\/es\/?s={search_term_string}\"},\"query-input\":{\"@type\":\"PropertyValueSpecification\",\"valueRequired\":true,\"valueName\":\"search_term_string\"}}],\"inLanguage\":\"es\"},{\"@type\":\"Organization\",\"@id\":\"https:\/\/cemer-innovation.com\/es\/#organization\",\"name\":\"Cemer Innovation\",\"alternateName\":\"Cemer\",\"url\":\"https:\/\/cemer-innovation.com\/es\/\",\"logo\":{\"@type\":\"ImageObject\",\"inLanguage\":\"es\",\"@id\":\"https:\/\/cemer-innovation.com\/es\/#\/schema\/logo\/image\/\",\"url\":\"https:\/\/cemer-innovation.com\/wp-content\/uploads\/2024\/10\/logo-CEMER-400.png\",\"contentUrl\":\"https:\/\/cemer-innovation.com\/wp-content\/uploads\/2024\/10\/logo-CEMER-400.png\",\"width\":400,\"height\":94,\"caption\":\"Cemer Innovation\"},\"image\":{\"@id\":\"https:\/\/cemer-innovation.com\/es\/#\/schema\/logo\/image\/\"},\"sameAs\":[\"https:\/\/www.linkedin.com\/company\/cosgra-s-a-motion-sealing\/\",\"https:\/\/www.instagram.com\/cosgra_motores_sellos\/\"]}]}<\/script>\n<!-- \/ Yoast SEO plugin. -->","yoast_head_json":{"title":"Pol\u00edtica de cookies - Cemer Innovation","robots":{"index":"noindex","follow":"follow"},"og_locale":"es_ES","og_type":"article","og_title":"Pol\u00edtica de cookies - Cemer Innovation","og_description":"[vc_row][vc_column][\/vc_column][\/vc_row][vc_row][vc_column][vc_column_text css=\u00bb\u00bb] Pol\u00edtica de cookies [\/vc_column_text][\/vc_column][\/vc_row][vc_row][vc_column][vc_column_text css=\u00bb\u00bb font_size=\u00bb16&#8243;] Nuestro sitio web utiliza una tecnolog\u00eda llamada \u00abcookie\u00bb, con el fin de poder obtener informaci\u00f3n sobre el uso del sitio web, mejorar la experiencia del usuario y garantizar su correcto funcionamiento. DEFINICI\u00d3N DE COOKIE Una \u00abcookie\u00bb es un peque\u00f1o fragmento de texto que los sitios web env\u00edan&hellip;","og_url":"https:\/\/cemer-innovation.com\/es\/politica-de-cookies\/","og_site_name":"Cemer Innovation","article_modified_time":"2024-12-09T09:19:59+00:00","og_image":[{"width":1200,"height":675,"url":"https:\/\/cemer-innovation.com\/wp-content\/uploads\/2024\/11\/cemer-innovation-seo.jpg","type":"image\/jpeg"}],"twitter_card":"summary_large_image","twitter_misc":{"Tiempo de lectura":"6 minutos"},"schema":{"@context":"https:\/\/schema.org","@graph":[{"@type":"WebPage","@id":"https:\/\/cemer-innovation.com\/es\/politica-de-cookies\/","url":"https:\/\/cemer-innovation.com\/es\/politica-de-cookies\/","name":"Pol\u00edtica de cookies - Cemer Innovation","isPartOf":{"@id":"https:\/\/cemer-innovation.com\/es\/#website"},"datePublished":"2024-08-19T09:59:21+00:00","dateModified":"2024-12-09T09:19:59+00:00","breadcrumb":{"@id":"https:\/\/cemer-innovation.com\/es\/politica-de-cookies\/#breadcrumb"},"inLanguage":"es","potentialAction":[{"@type":"ReadAction","target":["https:\/\/cemer-innovation.com\/es\/politica-de-cookies\/"]}]},{"@type":"BreadcrumbList","@id":"https:\/\/cemer-innovation.com\/es\/politica-de-cookies\/#breadcrumb","itemListElement":[{"@type":"ListItem","position":1,"name":"Inici","item":"https:\/\/cemer-innovation.com\/es\/"},{"@type":"ListItem","position":2,"name":"Pol\u00edtica de cookies"}]},{"@type":"WebSite","@id":"https:\/\/cemer-innovation.com\/es\/#website","url":"https:\/\/cemer-innovation.com\/es\/","name":"Cemer Innovation","description":"Motores el\u00e9ctricos y cierres mec\u00e1nicos","publisher":{"@id":"https:\/\/cemer-innovation.com\/es\/#organization"},"alternateName":"CEMER","potentialAction":[{"@type":"SearchAction","target":{"@type":"EntryPoint","urlTemplate":"https:\/\/cemer-innovation.com\/es\/?s={search_term_string}"},"query-input":{"@type":"PropertyValueSpecification","valueRequired":true,"valueName":"search_term_string"}}],"inLanguage":"es"},{"@type":"Organization","@id":"https:\/\/cemer-innovation.com\/es\/#organization","name":"Cemer Innovation","alternateName":"Cemer","url":"https:\/\/cemer-innovation.com\/es\/","logo":{"@type":"ImageObject","inLanguage":"es","@id":"https:\/\/cemer-innovation.com\/es\/#\/schema\/logo\/image\/","url":"https:\/\/cemer-innovation.com\/wp-content\/uploads\/2024\/10\/logo-CEMER-400.png","contentUrl":"https:\/\/cemer-innovation.com\/wp-content\/uploads\/2024\/10\/logo-CEMER-400.png","width":400,"height":94,"caption":"Cemer Innovation"},"image":{"@id":"https:\/\/cemer-innovation.com\/es\/#\/schema\/logo\/image\/"},"sameAs":["https:\/\/www.linkedin.com\/company\/cosgra-s-a-motion-sealing\/","https:\/\/www.instagram.com\/cosgra_motores_sellos\/"]}]}},"_links":{"self":[{"href":"https:\/\/cemer-innovation.com\/es\/wp-json\/wp\/v2\/pages\/1845"}],"collection":[{"href":"https:\/\/cemer-innovation.com\/es\/wp-json\/wp\/v2\/pages"}],"about":[{"href":"https:\/\/cemer-innovation.com\/es\/wp-json\/wp\/v2\/types\/page"}],"author":[{"embeddable":true,"href":"https:\/\/cemer-innovation.com\/es\/wp-json\/wp\/v2\/users\/1"}],"replies":[{"embeddable":true,"href":"https:\/\/cemer-innovation.com\/es\/wp-json\/wp\/v2\/comments?post=1845"}],"version-history":[{"count":4,"href":"https:\/\/cemer-innovation.com\/es\/wp-json\/wp\/v2\/pages\/1845\/revisions"}],"predecessor-version":[{"id":2670,"href":"https:\/\/cemer-innovation.com\/es\/wp-json\/wp\/v2\/pages\/1845\/revisions\/2670"}],"wp:attachment":[{"href":"https:\/\/cemer-innovation.com\/es\/wp-json\/wp\/v2\/media?parent=1845"}],"curies":[{"name":"wp","href":"https:\/\/api.w.org\/{rel}","templated":true}]}}