{"id":1839,"date":"2024-10-10T06:59:05","date_gmt":"2024-10-10T06:59:05","guid":{"rendered":"https:\/\/cemer-innovation.com\/avis-legal\/"},"modified":"2024-12-09T19:20:27","modified_gmt":"2024-12-09T19:20:27","slug":"aviso-legal","status":"publish","type":"page","link":"https:\/\/cemer-innovation.com\/es\/aviso-legal\/","title":{"rendered":"Aviso legal"},"content":{"rendered":"<div class=\"wpb-content-wrapper\">[vc_row][vc_column]\t<style>.vcex_69ee7c2827aa3{height:30px;}@media (max-width:1024px){.vcex_69ee7c2827aa3{height:24px;}}@media (max-width:959px){.vcex_69ee7c2827aa3{height:24px;}}@media (max-width:767px){.vcex_69ee7c2827aa3{height:20px;}}@media (max-width:479px){.vcex_69ee7c2827aa3{height:20px;}}<\/style>\n<div class=\"vcex-spacing wpex-w-100 wpex-clear vcex_69ee7c2827aa3\"><\/div>[\/vc_column][\/vc_row][vc_row][vc_column][vc_column_text css=\u00bb\u00bb]\n<h1>Aviso legal<\/h1>\n[\/vc_column_text][\/vc_column][\/vc_row][vc_row][vc_column][vc_column_text css=\u00bb\u00bb font_size=\u00bb16&#8243;]Informaci\u00f3n de conformidad con el art\u00edculo 10 de la LSSI<\/p>\n<p>CEMER es una marca de COSGRA, S. A.<\/p>\n<p>La titular de esta web es:<\/p>\n<p style=\"padding-left: 40px;\">Identidad: COSGRA, S. A.<br \/>\nNIF: A17108614<br \/>\nDirecci\u00f3n: Ctra. de Banyoles a Figueres, km 9 &#8211; APDO. 100 &#8211; 17832 Crespi\u00e0<br \/>\nTel.: 972597807<br \/>\nE-mail: cosgra@cosgra.com<\/p>\n<p>Inscrita al Registro Mercantil de Girona, Tom 98, Folio 175, Secci\u00f3n 8, Hoja GI-1788, inscripci\u00f3n 14\u00b0<\/p>\n<h3>CONDICIONES DE USO<\/h3>\n<p>El uso de este web implica la aceptaci\u00f3n plena de los t\u00e9rminos y condiciones del presente aviso legal. Los posibles conflictos relativos en este web se regir\u00e1n exclusivamente por el derecho del Estado espa\u00f1ol. Toda persona usuaria del web, independientemente de la jurisdicci\u00f3n territorial desde la cual se produzca su acceso, acepta el cumplimiento y respecto de estas cl\u00e1usulas con renuncia expresa a cualquier otro fuero que le pudiera corresponder.<\/p>\n<h3>PROPIEDAD INTELECTUAL E INDUSTRIAL<\/h3>\n<p>La totalidad del contenido de este sitio web, ya sean textos, im\u00e1genes, sonidos, marcas, logotipos u otros elementos, as\u00ed como subestructura, dise\u00f1o, combinaciones de colores o forma de presentaci\u00f3n de los materiales, est\u00e1n protegidos por derechos de propiedad industrial e intelectual que el usuario de este sitio web tiene que respetar. No es l\u00edcita su transformaci\u00f3n o alteraci\u00f3n, comunicaci\u00f3n p\u00fablica o cualquier otra forma de explotaci\u00f3n por cualquier procedimiento sin la autorizaci\u00f3n expresa de COSGRA, S.A.<\/p>\n<h3>RESPONSABILIDAD SOBRE LOS CONTENIDOS<\/h3>\n<p>Aunque COSGRA, S.A. act\u00faa con la m\u00e1xima diligencia posible, se puede dar el caso que alg\u00fan dato o informaci\u00f3n no est\u00e9 del todo actualizada en el momento que el usuario del sitio web lo consulte. Por eso, las informaciones que se presentan en esta web tienen una funci\u00f3n orientativa y no obligan a COSGRA, S.A.<\/p>\n<p>COSGRA, S.A., no ser\u00e1 responsable de la informaci\u00f3n que se pueda obtener a trav\u00e9s de enlaces incluidos en su web.<\/p>\n<p>COSGRA, S.A., se reserva la facultad de realizar, en cualquier momento y sin necesidad de preaviso, modificaciones o actualizaciones de la informaci\u00f3n y de cualquier de los elementos que integren el dise\u00f1o y configuraci\u00f3n de la p\u00e1gina web.<\/p>\n<h3>LEY APLICABLE Y JURISDICCI\u00d3N<\/h3>\n<p>El uso de este sitio web implica la aceptaci\u00f3n plena de los t\u00e9rminos y condiciones en el presente aviso legal. Los posibles conflictos relativos a este web se regir\u00e1n exclusivamente por la legislaci\u00f3n espa\u00f1ola, siendo competentes los Juzgados y Tribunales espa\u00f1oles para conocer cualquier cuesti\u00f3n que se suscite sobre ella. El usuario, en virtud de su aceptaci\u00f3n renuncia expresamente a cualquier fuero que por aplicaci\u00f3n de la ley de enjuiciamiento civil vigente le pudiera corresponder.[\/vc_column_text]\t<style>.vcex_69ee7c282828e{height:30px;}@media (max-width:1024px){.vcex_69ee7c282828e{height:20px;}}@media (max-width:959px){.vcex_69ee7c282828e{height:20px;}}@media (max-width:767px){.vcex_69ee7c282828e{height:10px;}}@media (max-width:479px){.vcex_69ee7c282828e{height:10px;}}<\/style>\n<div class=\"vcex-spacing wpex-w-100 wpex-clear vcex_69ee7c282828e\"><\/div>[vc_column_text css=\u00bb\u00bb]\n<hr \/>\n<p><span style=\"font-size: 13px;\">\u00a9 Infograf\u00eda mapa p\u00e1gina Qui\u00e9nes somos: <span style=\"color: #3366ff;\">Freepik<\/span><\/span>[\/vc_column_text]\t<style>.vcex_69ee7c2828596{height:30px;}@media (max-width:1024px){.vcex_69ee7c2828596{height:20px;}}@media (max-width:959px){.vcex_69ee7c2828596{height:20px;}}@media (max-width:767px){.vcex_69ee7c2828596{height:10px;}}@media (max-width:479px){.vcex_69ee7c2828596{height:10px;}}<\/style>\n<div class=\"vcex-spacing wpex-w-100 wpex-clear vcex_69ee7c2828596\"><\/div>[\/vc_column][\/vc_row]\n<\/div>","protected":false},"excerpt":{"rendered":"<p>[vc_row][vc_column][\/vc_column][\/vc_row][vc_row][vc_column][vc_column_text css=\u00bb\u00bb] Aviso legal [\/vc_column_text][\/vc_column][\/vc_row][vc_row][vc_column][vc_column_text css=\u00bb\u00bb font_size=\u00bb16&#8243;]Informaci\u00f3n de conformidad con el art\u00edculo 10 de la LSSI CEMER es una marca de COSGRA, S. A. La titular de esta web es: Identidad: COSGRA, S. A. NIF: A17108614 Direcci\u00f3n: Ctra. de Banyoles a Figueres, km 9 &#8211; APDO. 100 &#8211; 17832 Crespi\u00e0 Tel.: 972597807 E-mail: cosgra@cosgra.com Inscrita&hellip;<\/p>\n","protected":false},"author":1,"featured_media":0,"parent":0,"menu_order":0,"comment_status":"closed","ping_status":"closed","template":"","meta":{"footnotes":""},"class_list":["post-1839","page","type-page","status-publish","hentry","entry","no-media"],"yoast_head":"<!-- This site is optimized with the Yoast SEO plugin v24.6 - https:\/\/yoast.com\/wordpress\/plugins\/seo\/ -->\n<title>Aviso legal - Cemer Innovation<\/title>\n<meta name=\"robots\" content=\"noindex, follow\" \/>\n<meta property=\"og:locale\" content=\"es_ES\" \/>\n<meta property=\"og:type\" content=\"article\" \/>\n<meta property=\"og:title\" content=\"Aviso legal - Cemer Innovation\" \/>\n<meta property=\"og:description\" content=\"[vc_row][vc_column][\/vc_column][\/vc_row][vc_row][vc_column][vc_column_text css=\u00bb\u00bb] Aviso legal [\/vc_column_text][\/vc_column][\/vc_row][vc_row][vc_column][vc_column_text css=\u00bb\u00bb font_size=\u00bb16&#8243;]Informaci\u00f3n de conformidad con el art\u00edculo 10 de la LSSI CEMER es una marca de COSGRA, S. A. La titular de esta web es: Identidad: COSGRA, S. A. NIF: A17108614 Direcci\u00f3n: Ctra. de Banyoles a Figueres, km 9 &#8211; APDO. 100 &#8211; 17832 Crespi\u00e0 Tel.: 972597807 E-mail: cosgra@cosgra.com Inscrita&hellip;\" \/>\n<meta property=\"og:url\" content=\"https:\/\/cemer-innovation.com\/es\/aviso-legal\/\" \/>\n<meta property=\"og:site_name\" content=\"Cemer Innovation\" \/>\n<meta property=\"article:modified_time\" content=\"2024-12-09T19:20:27+00:00\" \/>\n<meta property=\"og:image\" content=\"https:\/\/cemer-innovation.com\/wp-content\/uploads\/2024\/11\/cemer-innovation-seo.jpg\" \/>\n\t<meta property=\"og:image:width\" content=\"1200\" \/>\n\t<meta property=\"og:image:height\" content=\"675\" \/>\n\t<meta property=\"og:image:type\" content=\"image\/jpeg\" \/>\n<meta name=\"twitter:card\" content=\"summary_large_image\" \/>\n<meta name=\"twitter:label1\" content=\"Tiempo de lectura\" \/>\n\t<meta name=\"twitter:data1\" content=\"3 minutos\" \/>\n<script type=\"application\/ld+json\" class=\"yoast-schema-graph\">{\"@context\":\"https:\/\/schema.org\",\"@graph\":[{\"@type\":\"WebPage\",\"@id\":\"https:\/\/cemer-innovation.com\/es\/aviso-legal\/\",\"url\":\"https:\/\/cemer-innovation.com\/es\/aviso-legal\/\",\"name\":\"Aviso legal - Cemer Innovation\",\"isPartOf\":{\"@id\":\"https:\/\/cemer-innovation.com\/es\/#website\"},\"datePublished\":\"2024-10-10T06:59:05+00:00\",\"dateModified\":\"2024-12-09T19:20:27+00:00\",\"breadcrumb\":{\"@id\":\"https:\/\/cemer-innovation.com\/es\/aviso-legal\/#breadcrumb\"},\"inLanguage\":\"es\",\"potentialAction\":[{\"@type\":\"ReadAction\",\"target\":[\"https:\/\/cemer-innovation.com\/es\/aviso-legal\/\"]}]},{\"@type\":\"BreadcrumbList\",\"@id\":\"https:\/\/cemer-innovation.com\/es\/aviso-legal\/#breadcrumb\",\"itemListElement\":[{\"@type\":\"ListItem\",\"position\":1,\"name\":\"Inici\",\"item\":\"https:\/\/cemer-innovation.com\/es\/\"},{\"@type\":\"ListItem\",\"position\":2,\"name\":\"Aviso legal\"}]},{\"@type\":\"WebSite\",\"@id\":\"https:\/\/cemer-innovation.com\/es\/#website\",\"url\":\"https:\/\/cemer-innovation.com\/es\/\",\"name\":\"Cemer Innovation\",\"description\":\"Motores el\u00e9ctricos y cierres mec\u00e1nicos\",\"publisher\":{\"@id\":\"https:\/\/cemer-innovation.com\/es\/#organization\"},\"alternateName\":\"CEMER\",\"potentialAction\":[{\"@type\":\"SearchAction\",\"target\":{\"@type\":\"EntryPoint\",\"urlTemplate\":\"https:\/\/cemer-innovation.com\/es\/?s={search_term_string}\"},\"query-input\":{\"@type\":\"PropertyValueSpecification\",\"valueRequired\":true,\"valueName\":\"search_term_string\"}}],\"inLanguage\":\"es\"},{\"@type\":\"Organization\",\"@id\":\"https:\/\/cemer-innovation.com\/es\/#organization\",\"name\":\"Cemer Innovation\",\"alternateName\":\"Cemer\",\"url\":\"https:\/\/cemer-innovation.com\/es\/\",\"logo\":{\"@type\":\"ImageObject\",\"inLanguage\":\"es\",\"@id\":\"https:\/\/cemer-innovation.com\/es\/#\/schema\/logo\/image\/\",\"url\":\"https:\/\/cemer-innovation.com\/wp-content\/uploads\/2024\/10\/logo-CEMER-400.png\",\"contentUrl\":\"https:\/\/cemer-innovation.com\/wp-content\/uploads\/2024\/10\/logo-CEMER-400.png\",\"width\":400,\"height\":94,\"caption\":\"Cemer Innovation\"},\"image\":{\"@id\":\"https:\/\/cemer-innovation.com\/es\/#\/schema\/logo\/image\/\"},\"sameAs\":[\"https:\/\/www.linkedin.com\/company\/cosgra-s-a-motion-sealing\/\",\"https:\/\/www.instagram.com\/cosgra_motores_sellos\/\"]}]}<\/script>\n<!-- \/ Yoast SEO plugin. -->","yoast_head_json":{"title":"Aviso legal - Cemer Innovation","robots":{"index":"noindex","follow":"follow"},"og_locale":"es_ES","og_type":"article","og_title":"Aviso legal - Cemer Innovation","og_description":"[vc_row][vc_column][\/vc_column][\/vc_row][vc_row][vc_column][vc_column_text css=\u00bb\u00bb] Aviso legal [\/vc_column_text][\/vc_column][\/vc_row][vc_row][vc_column][vc_column_text css=\u00bb\u00bb font_size=\u00bb16&#8243;]Informaci\u00f3n de conformidad con el art\u00edculo 10 de la LSSI CEMER es una marca de COSGRA, S. A. La titular de esta web es: Identidad: COSGRA, S. A. NIF: A17108614 Direcci\u00f3n: Ctra. de Banyoles a Figueres, km 9 &#8211; APDO. 100 &#8211; 17832 Crespi\u00e0 Tel.: 972597807 E-mail: cosgra@cosgra.com Inscrita&hellip;","og_url":"https:\/\/cemer-innovation.com\/es\/aviso-legal\/","og_site_name":"Cemer Innovation","article_modified_time":"2024-12-09T19:20:27+00:00","og_image":[{"width":1200,"height":675,"url":"https:\/\/cemer-innovation.com\/wp-content\/uploads\/2024\/11\/cemer-innovation-seo.jpg","type":"image\/jpeg"}],"twitter_card":"summary_large_image","twitter_misc":{"Tiempo de lectura":"3 minutos"},"schema":{"@context":"https:\/\/schema.org","@graph":[{"@type":"WebPage","@id":"https:\/\/cemer-innovation.com\/es\/aviso-legal\/","url":"https:\/\/cemer-innovation.com\/es\/aviso-legal\/","name":"Aviso legal - Cemer Innovation","isPartOf":{"@id":"https:\/\/cemer-innovation.com\/es\/#website"},"datePublished":"2024-10-10T06:59:05+00:00","dateModified":"2024-12-09T19:20:27+00:00","breadcrumb":{"@id":"https:\/\/cemer-innovation.com\/es\/aviso-legal\/#breadcrumb"},"inLanguage":"es","potentialAction":[{"@type":"ReadAction","target":["https:\/\/cemer-innovation.com\/es\/aviso-legal\/"]}]},{"@type":"BreadcrumbList","@id":"https:\/\/cemer-innovation.com\/es\/aviso-legal\/#breadcrumb","itemListElement":[{"@type":"ListItem","position":1,"name":"Inici","item":"https:\/\/cemer-innovation.com\/es\/"},{"@type":"ListItem","position":2,"name":"Aviso legal"}]},{"@type":"WebSite","@id":"https:\/\/cemer-innovation.com\/es\/#website","url":"https:\/\/cemer-innovation.com\/es\/","name":"Cemer Innovation","description":"Motores el\u00e9ctricos y cierres mec\u00e1nicos","publisher":{"@id":"https:\/\/cemer-innovation.com\/es\/#organization"},"alternateName":"CEMER","potentialAction":[{"@type":"SearchAction","target":{"@type":"EntryPoint","urlTemplate":"https:\/\/cemer-innovation.com\/es\/?s={search_term_string}"},"query-input":{"@type":"PropertyValueSpecification","valueRequired":true,"valueName":"search_term_string"}}],"inLanguage":"es"},{"@type":"Organization","@id":"https:\/\/cemer-innovation.com\/es\/#organization","name":"Cemer Innovation","alternateName":"Cemer","url":"https:\/\/cemer-innovation.com\/es\/","logo":{"@type":"ImageObject","inLanguage":"es","@id":"https:\/\/cemer-innovation.com\/es\/#\/schema\/logo\/image\/","url":"https:\/\/cemer-innovation.com\/wp-content\/uploads\/2024\/10\/logo-CEMER-400.png","contentUrl":"https:\/\/cemer-innovation.com\/wp-content\/uploads\/2024\/10\/logo-CEMER-400.png","width":400,"height":94,"caption":"Cemer Innovation"},"image":{"@id":"https:\/\/cemer-innovation.com\/es\/#\/schema\/logo\/image\/"},"sameAs":["https:\/\/www.linkedin.com\/company\/cosgra-s-a-motion-sealing\/","https:\/\/www.instagram.com\/cosgra_motores_sellos\/"]}]}},"_links":{"self":[{"href":"https:\/\/cemer-innovation.com\/es\/wp-json\/wp\/v2\/pages\/1839"}],"collection":[{"href":"https:\/\/cemer-innovation.com\/es\/wp-json\/wp\/v2\/pages"}],"about":[{"href":"https:\/\/cemer-innovation.com\/es\/wp-json\/wp\/v2\/types\/page"}],"author":[{"embeddable":true,"href":"https:\/\/cemer-innovation.com\/es\/wp-json\/wp\/v2\/users\/1"}],"replies":[{"embeddable":true,"href":"https:\/\/cemer-innovation.com\/es\/wp-json\/wp\/v2\/comments?post=1839"}],"version-history":[{"count":5,"href":"https:\/\/cemer-innovation.com\/es\/wp-json\/wp\/v2\/pages\/1839\/revisions"}],"predecessor-version":[{"id":1842,"href":"https:\/\/cemer-innovation.com\/es\/wp-json\/wp\/v2\/pages\/1839\/revisions\/1842"}],"wp:attachment":[{"href":"https:\/\/cemer-innovation.com\/es\/wp-json\/wp\/v2\/media?parent=1839"}],"curies":[{"name":"wp","href":"https:\/\/api.w.org\/{rel}","templated":true}]}}